{"id":802,"date":"2020-03-03T18:12:30","date_gmt":"2020-03-03T22:12:30","guid":{"rendered":"http:\/\/gadrosaflorida.gob.ec\/sucumbios\/?page_id=802"},"modified":"2021-07-30T16:07:55","modified_gmt":"2021-07-30T20:07:55","slug":"rendicion-de-cuentas-2020","status":"publish","type":"page","link":"https:\/\/gadrosaflorida.gob.ec\/sucumbios\/rendicion-de-cuentas-2020\/","title":{"rendered":"Rendici\u00f3n de Cuentas 2020"},"content":{"rendered":"<p><img loading=\"lazy\" decoding=\"async\" width=\"1024\" height=\"438\" src=\"https:\/\/gadrosaflorida.gob.ec\/sucumbios\/wp-content\/uploads\/2020\/10\/C-Mt568XkAA2SFb-1170x500-1-1024x438.jpg\" alt=\"\" srcset=\"https:\/\/gadrosaflorida.gob.ec\/sucumbios\/wp-content\/uploads\/2020\/10\/C-Mt568XkAA2SFb-1170x500-1-1024x438.jpg 1024w, https:\/\/gadrosaflorida.gob.ec\/sucumbios\/wp-content\/uploads\/2020\/10\/C-Mt568XkAA2SFb-1170x500-1-550x235.jpg 550w, https:\/\/gadrosaflorida.gob.ec\/sucumbios\/wp-content\/uploads\/2020\/10\/C-Mt568XkAA2SFb-1170x500-1-768x328.jpg 768w, https:\/\/gadrosaflorida.gob.ec\/sucumbios\/wp-content\/uploads\/2020\/10\/C-Mt568XkAA2SFb-1170x500-1.jpg 1170w\" sizes=\"auto, (max-width: 1024px) 100vw, 1024px\" \/>\t\t\t\t\t\t\t\t\t\t\t<\/p>\n<h2>FASE 1: Planificaci\u00f3n y facilitaci\u00f3n del proceso desde la asamblea ciudadana.<\/h2>\n<h2>FASE 2: Evaluaci\u00f3n de la gesti\u00f3n y redacci\u00f3n del informe de la instituci\u00f3n. <\/h2>\n<p>\t\t\tAVISO<br \/>\n\t\t\t\t\t\t\tPara Vista Previa de los documentos dale click en la imagen<br \/>\n\t\t\t\t\t\t\t\t\t\t<button type=\"button\"><br \/>\n\t\t\t\t\t&times;<br \/>\n\t\t\t\t\tDescartar alerta<br \/>\n\t\t\t\t<\/button><br \/>\n\t\t\t\t\t\t\t\t\t\t\t\t<a href=\"\">ACTA DE SESION ORDINARIA DEL GAD PARROQUIAL Y LOS MIEMBROS DEL CONSEJO DE PLANIFICACION LOCAL  PARA LA PLANIFICACION DE CONSULTA A LA CIUDADANIA Y FACILITACION DE LA INFORMACION   <\/a><\/p>\n<p><a href=\"https:\/\/drive.google.com\/file\/d\/1AV9FTn2MCesreE4k1Zi-EqCXwx1sz6rQ\/view?usp=sharing\" target=\"_blank\" rel=\"https:\/\/drive.google.com\/file\/d\/1AV9FTn2MCesreE4k1Zi-EqCXwx1sz6rQ\/view?usp=sharing noopener noreferrer\"><img loading=\"lazy\" decoding=\"async\" src=\"https:\/\/gadrosaflorida.gob.ec\/sucumbios\/wp-content\/uploads\/2021\/05\/ACTA-ORDINARIA-N\u00b0-39_001.png\" alt=\"\" width=\"595\" height=\"842\" \/><\/a><\/p>\n<p>\t\t\t\t\t\t\t\t\t\t\t\t<a href=\"\">MATRIZ DE MAPEO DE ACTORES PARA CONSUTA A LA CIUDADANIA<\/a><\/p>\n<p><a href=\"https:\/\/drive.google.com\/file\/d\/14EeYNw55NmHh4MH5xLRFa5kqbpaorvPu\/view?usp=sharing\" target=\"_blank\" rel=\"https:\/\/drive.google.com\/file\/d\/14EeYNw55NmHh4MH5xLRFa5kqbpaorvPu\/view?usp=sharing noopener noreferrer\"><img loading=\"lazy\" decoding=\"async\" src=\"https:\/\/gadrosaflorida.gob.ec\/sucumbios\/wp-content\/uploads\/2021\/05\/MAPEO-DE-ACTORES_001.png\" alt=\"\" width=\"792\" height=\"612\" \/><\/a><\/p>\n<p>\t\t\t\t\t\t\t\t\t\t\t\t<a href=\"\">CONVOCATORIA A LA ASAMBLEA GENERAL PARA LA CONSULTA A LA CIUDADNIA<\/a><\/p>\n<p><a href=\"https:\/\/drive.google.com\/file\/d\/1tU2fE8kD-ecV4qw1zn7W-RiCKrfrJfX1\/view?usp=sharing\" target=\"_blank\" rel=\"https:\/\/drive.google.com\/file\/d\/1tU2fE8kD-ecV4qw1zn7W-RiCKrfrJfX1\/view?usp=sharing noopener noreferrer\"><img loading=\"lazy\" decoding=\"async\" src=\"https:\/\/gadrosaflorida.gob.ec\/sucumbios\/wp-content\/uploads\/2021\/05\/INVITACION-PARA-LA-CONSULTA-A-LA-CIUDADANIA-09-DE-ABRIL-DEL-2021_001.png\" alt=\"\" width=\"595\" height=\"842\" \/><\/a><\/p>\n<p>\t\t\t\t\t\t\t\t\t\t\t\t<a href=\"\">ACTA DE ASAMBLEA GENERAL PARA CONSULTA A LA CIUDADANIA<\/a><\/p>\n<p><a href=\"https:\/\/drive.google.com\/file\/d\/1_W4lm3JhimWM5qjxtaVX-fr_74bw3lO8\/view?usp=sharing\" target=\"_blank\" rel=\"https:\/\/drive.google.com\/file\/d\/1_W4lm3JhimWM5qjxtaVX-fr_74bw3lO8\/view?usp=sharing noopener noreferrer\"><img loading=\"lazy\" decoding=\"async\" src=\"https:\/\/gadrosaflorida.gob.ec\/sucumbios\/wp-content\/uploads\/2021\/05\/ACTA-DE-LA-REUNION-PARA-LA-CONSULTA-A-LA-CIUDADNIA_001.png\" alt=\"\" width=\"595\" height=\"842\" \/><\/a><\/p>\n<p>\t\t\t\t\t\t\t\t\t\t\t\t<a href=\"\">ENTREGA DE LA MATRIZ DE LEVANTAMIENTO DE CONSULTA A LA CIUDADANIA<\/a><\/p>\n<p><a href=\"https:\/\/drive.google.com\/file\/d\/1eIElIam38I-JuOHY1OgphW8YaULYMTlN\/view?usp=sharing\" target=\"_blank\" rel=\"https:\/\/drive.google.com\/file\/d\/1eIElIam38I-JuOHY1OgphW8YaULYMTlN\/view?usp=sharing noopener noreferrer\"><img loading=\"lazy\" decoding=\"async\" src=\"https:\/\/gadrosaflorida.gob.ec\/sucumbios\/wp-content\/uploads\/2021\/05\/MATRIZ-DE-LEVANTAMIENTO-DE-CONSULTA-A-LA-CIUDADANIA_001.png\" alt=\"\" width=\"595\" height=\"842\" \/><\/a><\/p>\n<p>\t\t\t\t\t\t\t\t\t\t\t\t<a href=\"\">RESOLUCION DE APROBACION DE INFORME PRELIMINAR<\/a><\/p>\n<p><a href=\"https:\/\/drive.google.com\/file\/d\/1RDID3M3QwmEzNEHVQkW2Tx4NJQefaF7Q\/view?usp=sharing\" target=\"_blank\" rel=\"https:\/\/drive.google.com\/file\/d\/1RDID3M3QwmEzNEHVQkW2Tx4NJQefaF7Q\/view?usp=sharing noopener noreferrer\"><img loading=\"lazy\" decoding=\"async\" src=\"https:\/\/gadrosaflorida.gob.ec\/sucumbios\/wp-content\/uploads\/2021\/06\/RESOLUCION-N\u00b0-034-APROBACION-DEL-INFORME-PRELIMINAR-DE-RENDICION-DE-CUENTAS-2020_001.png\" alt=\"\" width=\"595\" height=\"842\" \/><\/a><\/p>\n<p>\t\t\t\t\t\t\t\t\t\t\t\t<a href=\"\">OFICIO DE ENTREGA A DE INFORME PRELIMINAR A LA ASAMBLEA LOCAL DEL GADPR ROSA FLORIDA<\/a><\/p>\n<p><a href=\"https:\/\/drive.google.com\/file\/d\/14aG8NmKSIWmE-ME3SSVMDFjMb7QQkgzd\/view?usp=sharing\" target=\"_blank\" rel=\"https:\/\/drive.google.com\/file\/d\/14aG8NmKSIWmE-ME3SSVMDFjMb7QQkgzd\/view?usp=sharing noopener noreferrer\"><img loading=\"lazy\" decoding=\"async\" src=\"https:\/\/gadrosaflorida.gob.ec\/sucumbios\/wp-content\/uploads\/2021\/06\/OFICIO-DE-ENTREGA-DE-INFORME-PRELIMINAR-2_001.png\" alt=\"\" width=\"595\" height=\"842\" \/><\/a><\/p>\n<p>\t\t\t\t\t\t\t\t\t\t\t\t<a href=\"\">INFORME PRELIMINAR DE RENDICION DE CUENTAS 2020<\/a><\/p>\n<p><a href=\"https:\/\/drive.google.com\/file\/d\/1jrpurt7ukfXLBYeYUEKHTZjWwpK-EKm9\/view?usp=sharing\" target=\"_blank\" rel=\"https:\/\/drive.google.com\/file\/d\/1jrpurt7ukfXLBYeYUEKHTZjWwpK-EKm9\/view?usp=sharing noopener noreferrer\"><img loading=\"lazy\" decoding=\"async\" src=\"https:\/\/gadrosaflorida.gob.ec\/sucumbios\/wp-content\/uploads\/2021\/06\/INFORME-DE-RESPUESTAS-A-LA-CONSULTA-CIUDADANA_001.png\" alt=\"\" width=\"595\" height=\"842\" \/><\/a><\/p>\n<p>\t\t\t\t\t\t\t\t\t\t\t\t<a href=\"\">FORMULARIO DEL INFORME DE RENDICION DE CUENTAS INSTITUCIONAL GAD ROSA FLORIDA EN EXCEL<\/a><\/p>\n<p><a href=\"https:\/\/drive.google.com\/file\/d\/1jRhPEqLtJlTdifv0-6JWRj0XjDVjtmeM\/view?usp=sharing\" target=\"_blank\" rel=\"https:\/\/drive.google.com\/file\/d\/1jRhPEqLtJlTdifv0-6JWRj0XjDVjtmeM\/view?usp=sharing noopener noreferrer\"><img loading=\"lazy\" decoding=\"async\" src=\"https:\/\/gadrosaflorida.gob.ec\/sucumbios\/wp-content\/uploads\/2021\/07\/formulario-institucional-GAD-PR-ROSA-FLORIDA_001.png\" alt=\"\" width=\"842\" height=\"595\" \/><\/a><\/p>\n<p>\t\t\t\t\t\t\t\t\t\t\t\t<a href=\"\">FORMULARIO DEL INFORME DE RENDICION DE CUENTAS YEPEZ CHASPUENGAL JUAN NARCISO EN EXCEL<\/a><\/p>\n<p><a href=\"https:\/\/drive.google.com\/file\/d\/1cCzPWP3wEDvCSX-hpUiUa8zJZMmAIKFK\/view?usp=sharing\" target=\"_blank\" rel=\"https:\/\/drive.google.com\/file\/d\/1cCzPWP3wEDvCSX-hpUiUa8zJZMmAIKFK\/view?usp=sharing noopener noreferrer\"><img loading=\"lazy\" decoding=\"async\" src=\"https:\/\/gadrosaflorida.gob.ec\/sucumbios\/wp-content\/uploads\/2021\/07\/FORMULARIO-EXCEL-e1626897443630.png\" alt=\"\" width=\"1215\" height=\"542\" \/><\/a><\/p>\n<p>\t\t\t\t\t\t\t\t\t\t\t\t<a href=\"\">FORMULARIO DEL INFORME DE RENDICION DE CUENTAS YAPUD CASTRO JOAQUIN SALOMON EN EXCEL<\/a><\/p>\n<p><a href=\"https:\/\/drive.google.com\/file\/d\/18rxYZqiKJzoUhN9KRtsf26zb3WNZ8U6G\/view?usp=sharing\" target=\"_blank\" rel=\"https:\/\/drive.google.com\/file\/d\/18rxYZqiKJzoUhN9KRtsf26zb3WNZ8U6G\/view?usp=sharing noopener noreferrer\"><img loading=\"lazy\" decoding=\"async\" src=\"https:\/\/gadrosaflorida.gob.ec\/sucumbios\/wp-content\/uploads\/2021\/07\/FORMULARIO-EXCEL-e1626897443630.png\" alt=\"\" width=\"1215\" height=\"542\" \/><\/a><\/p>\n<p>\t\t\t\t\t\t\t\t\t\t\t\t<a href=\"\">FORMULARIO DEL INFORME DE RENDICION DE CUENTAS CALPA CUASQUER ABNER DANIEL EN EXCEL<\/a><\/p>\n<p><a href=\"https:\/\/drive.google.com\/file\/d\/1wwtSga4rPUBaQnx6YF-zzE9GXJJyZOKp\/view?usp=sharing\" target=\"_blank\" rel=\"https:\/\/drive.google.com\/file\/d\/1wwtSga4rPUBaQnx6YF-zzE9GXJJyZOKp\/view?usp=sharing noopener noreferrer\"><img loading=\"lazy\" decoding=\"async\" src=\"https:\/\/gadrosaflorida.gob.ec\/sucumbios\/wp-content\/uploads\/2021\/07\/FORMULARIO-EXCEL-e1626897443630.png\" alt=\"\" width=\"1215\" height=\"542\" \/><\/a><\/p>\n<p>\t\t\t\t\t\t\t\t\t\t\t\t<a href=\"\">FORMULARIO INSTITUCIONAL  DEL CPCCS GAD ROSA FLORIDA<\/a><\/p>\n<p><a href=\"https:\/\/drive.google.com\/file\/d\/1QWGFD1_3vmZfPu-nM-097wsJ-uPesQWA\/view?usp=sharing\" target=\"_blank\" rel=\"https:\/\/drive.google.com\/file\/d\/1QWGFD1_3vmZfPu-nM-097wsJ-uPesQWA\/view?usp=sharing noopener noreferrer\"><img loading=\"lazy\" decoding=\"async\" src=\"https:\/\/gadrosaflorida.gob.ec\/sucumbios\/wp-content\/uploads\/2021\/07\/FORMULARIO-INSTITUCIONAL-DEL-CPCCS-GAD-ROSA-FLORIDA_001.png\" alt=\"\" width=\"612\" height=\"792\" \/><\/a><\/p>\n<p>\t\t\t\t\t\t\t\t\t\t\t\t<a href=\"\">FORMULARIO DEL CPCCS  RAYO HIRUA FREDDY EDILBERTO<\/a><\/p>\n<p><a href=\"https:\/\/drive.google.com\/file\/d\/1kucmjsBAVFyjlzLbrj8WAr1vieAFn5jo\/view?usp=sharing\" target=\"_blank\" rel=\"https:\/\/drive.google.com\/file\/d\/1kucmjsBAVFyjlzLbrj8WAr1vieAFn5jo\/view?usp=sharing noopener noreferrer\"><img loading=\"lazy\" decoding=\"async\" src=\"https:\/\/gadrosaflorida.gob.ec\/sucumbios\/wp-content\/uploads\/2021\/07\/FORMULARIO-DEL-CPCCS-RAYO-HIRUA-FREDDY-EDILBERTO_001.png\" alt=\"\" width=\"612\" height=\"792\" \/><\/a><\/p>\n<p>\t\t\t\t\t\t\t\t\t\t\t\t<a href=\"\">FORMULARIO DEL CPCCS YEPEZ CHASPUENGAL JUAN NARCISO<\/a><\/p>\n<p><a href=\"https:\/\/drive.google.com\/file\/d\/1uP3Nm7iI4bevd-iSPAv_ftR-zjOqvpSX\/view?usp=sharing\" target=\"_blank\" rel=\"https:\/\/drive.google.com\/file\/d\/1uP3Nm7iI4bevd-iSPAv_ftR-zjOqvpSX\/view?usp=sharing noopener noreferrer\"><img loading=\"lazy\" decoding=\"async\" src=\"https:\/\/gadrosaflorida.gob.ec\/sucumbios\/wp-content\/uploads\/2021\/07\/FORMULARIO-DEL-CPCCS-YEPEZ-CHASPUENGAL-JUAN-NARCISO_001.png\" alt=\"\" width=\"612\" height=\"792\" \/><\/a><\/p>\n<p>\t\t\t\t\t\t\t\t\t\t\t\t<a href=\"\">FORMULARIO DEL CPCCS RAYO YEPEZ CARLOS OSWALDO<\/a><\/p>\n<p><a href=\"https:\/\/drive.google.com\/file\/d\/14P-no3Uv-4prpvlnW5O9z_q9NyhFVNQz\/view?usp=sharing\" target=\"_blank\" rel=\"https:\/\/drive.google.com\/file\/d\/14P-no3Uv-4prpvlnW5O9z_q9NyhFVNQz\/view?usp=sharing noopener noreferrer\"><img loading=\"lazy\" decoding=\"async\" src=\"https:\/\/gadrosaflorida.gob.ec\/sucumbios\/wp-content\/uploads\/2021\/07\/FORMULARIO-DEL-CPCCS-RAYO-YEPEZ-CARLOS-OSWALDO_001.png\" alt=\"\" width=\"612\" height=\"792\" \/><\/a><\/p>\n<p>\t\t\t\t\t\t\t\t\t\t\t\t<a href=\"\">FORMULARIO DEL CPCCS YAPUD CASTRO JOAQUIN SALOMON<\/a><\/p>\n<p><a href=\"https:\/\/drive.google.com\/file\/d\/14f56EY4RJ6HOnvk5LihCqZpT7tVNFVH6\/view?usp=sharing\" target=\"_blank\" rel=\"https:\/\/drive.google.com\/file\/d\/14f56EY4RJ6HOnvk5LihCqZpT7tVNFVH6\/view?usp=sharing noopener noreferrer\"><img loading=\"lazy\" decoding=\"async\" src=\"https:\/\/gadrosaflorida.gob.ec\/sucumbios\/wp-content\/uploads\/2021\/07\/FORMULARIO-DEL-CPCCS-YAPUD-CASTRO-JOAQUIN-SALOMON_001.png\" alt=\"\" width=\"612\" height=\"792\" \/><\/a><\/p>\n<p>\t\t\t\t\t\t\t\t\t\t\t\t<a href=\"\">FORMULARIO DEL CPCCS CALPA CUASQUER ABNER DANIEL<\/a><\/p>\n<p><a href=\"https:\/\/drive.google.com\/file\/d\/1qzqO_zj7WtufzDSK-yWHvxBDMfE_3NTX\/view?usp=sharing\" target=\"_blank\" rel=\"https:\/\/drive.google.com\/file\/d\/1qzqO_zj7WtufzDSK-yWHvxBDMfE_3NTX\/view?usp=sharing noopener noreferrer\"><img loading=\"lazy\" decoding=\"async\" src=\"https:\/\/gadrosaflorida.gob.ec\/sucumbios\/wp-content\/uploads\/2021\/07\/FORMULARIO-DEL-CPCCS-CALPA-CUASQUER-ABNER-DANIEL_001.png\" alt=\"\" width=\"612\" height=\"792\" \/><\/a><\/p>\n<h2>FASE 3:  Evaluaci\u00f3n ciudadana del informe institucional.<\/h2>\n<h2>FASE 4:<br \/>\nIncorporaci\u00f3n de la opini\u00f3n ciudadana, Retroalimentaci\u00f3n y Seguimiento<\/h2>\n<p>\t\t\tAVISO<br \/>\n\t\t\t\t\t\t\tPara Vista Previa de los documentos dale click en la imagen<br \/>\n\t\t\t\t\t\t\t\t\t\t<button type=\"button\"><br \/>\n\t\t\t\t\t&times;<br \/>\n\t\t\t\t\tDescartar alerta<br \/>\n\t\t\t\t<\/button><br \/>\n\t\t\t\t\t\t\t\t\t\t\t\t<a href=\"\">CONVOCATORIA A LA DELIBERACION PUBLICA DEL INFORME DE RENDICION DE CUENTAS 2020<\/a><\/p>\n<p><a href=\"https:\/\/drive.google.com\/file\/d\/1DDzngDvmOdnSuEqy6AbAUqcMAcH5MN9E\/view?usp=sharing\" target=\"_blank\" rel=\"https:\/\/drive.google.com\/file\/d\/1DDzngDvmOdnSuEqy6AbAUqcMAcH5MN9E\/view?usp=sharing noopener noreferrer\"><img loading=\"lazy\" decoding=\"async\" src=\"https:\/\/gadrosaflorida.gob.ec\/sucumbios\/wp-content\/uploads\/2021\/07\/CONVOCATORIA-A-LA-DELIBERACION-PUBLICA_001.png\" alt=\"\" width=\"595\" height=\"842\" \/><\/a><\/p>\n<p>\t\t\t\t\t\t\t\t\t\t\t\t<a href=\"\">SUGERENCIAS Y RECOMENDACIONES DE LA CIUDADANIA<\/a><\/p>\n<p><a href=\"https:\/\/drive.google.com\/file\/d\/1eOdFJTvXM2jjKESjE-TJjkW5cg63eaym\/view?usp=sharing\" target=\"_blank\" rel=\"https:\/\/drive.google.com\/file\/d\/1eOdFJTvXM2jjKESjE-TJjkW5cg63eaym\/view?usp=sharing noopener noreferrer\"><img loading=\"lazy\" decoding=\"async\" src=\"https:\/\/gadrosaflorida.gob.ec\/sucumbios\/wp-content\/uploads\/2021\/07\/SUGERENCIAS-Y-RECOMENDACIONES-RD-2020_001.png\" alt=\"\" width=\"595\" height=\"841\" \/><\/a><\/p>\n<p>\t\t\t\t\t\t\t\t\t\t\t\t<a href=\"\">LISTADO DE ASISTENCIA A LA DELIBERACION PUBLICA DEL INFORME DE RENDICION DE CUENTAS PERIODO 2020<\/a><\/p>\n<p><a href=\"https:\/\/drive.google.com\/file\/d\/1k9x9GArgHCNhtiqSGdigagMA_1ca4cAM\/view?usp=sharing\" target=\"_blank\" rel=\"https:\/\/drive.google.com\/file\/d\/1k9x9GArgHCNhtiqSGdigagMA_1ca4cAM\/view?usp=sharing noopener noreferrer\"><img loading=\"lazy\" decoding=\"async\" src=\"https:\/\/gadrosaflorida.gob.ec\/sucumbios\/wp-content\/uploads\/2021\/07\/ASISTENCIA-A-LA-DELIBERACION-PUBLICA-DEL-INFORME-DE-RENDICION-DE-CUENTAS-2020_001.png\" alt=\"\" width=\"595\" height=\"841\" \/><\/a><\/p>\n<p>\t\t\t\t\t\t\t\t\t\t\t\t<a href=\"\">INFORME DE RENDICION DE CUENTAS DE LA MAXIMA AUTORIDAD PARA EL PROCESO DE DELIBERACION PUBLICA<\/a><\/p>\n<p><a href=\"https:\/\/drive.google.com\/file\/d\/1IEwFNtNpTjYwFmQw3OIftwCO4Zw67a8w\/view?usp=sharing\" target=\"_blank\" rel=\"https:\/\/drive.google.com\/file\/d\/1IEwFNtNpTjYwFmQw3OIftwCO4Zw67a8w\/view?usp=sharing noopener noreferrer\"><img loading=\"lazy\" decoding=\"async\" src=\"https:\/\/gadrosaflorida.gob.ec\/sucumbios\/wp-content\/uploads\/2021\/07\/INFORME-DE-RENDICION-DE-CUENTAS-GAD-ROSA-FLORIDA-2020_001.png\" alt=\"\" width=\"960\" height=\"540\" \/><\/a><\/p>\n<p>\t\t\t\t\t\t\t\t\t\t\t\t<a href=\"\">PLAN DE TRABAJO<\/a><\/p>\n<p><a href=\"https:\/\/drive.google.com\/file\/d\/1fDhaNbV1z80e8GWXu6FkJ9y4RpxtKQPO\/view?usp=sharing\" target=\"_blank\" rel=\"https:\/\/drive.google.com\/file\/d\/1fDhaNbV1z80e8GWXu6FkJ9y4RpxtKQPO\/view?usp=sharing noopener noreferrer\"><img loading=\"lazy\" decoding=\"async\" src=\"https:\/\/gadrosaflorida.gob.ec\/sucumbios\/wp-content\/uploads\/2021\/07\/PLAN-DE-TRABAJO-ROSA-FLORIDA_001.png\" alt=\"\" width=\"595\" height=\"842\" \/><\/a><\/p>\n","protected":false},"excerpt":{"rendered":"<p>FASE 1: Planificaci\u00f3n y facilitaci\u00f3n del proceso desde la asamblea ciudadana. FASE 2: Evaluaci\u00f3n de la gesti\u00f3n y redacci\u00f3n del informe de la instituci\u00f3n. AVISO Para Vista Previa de los documentos dale click en la imagen &times; Descartar alerta ACTA DE SESION ORDINARIA DEL GAD PARROQUIAL Y LOS MIEMBROS DEL CONSEJO DE PLANIFICACION LOCAL PARA [&hellip;]<\/p>\n","protected":false},"author":4,"featured_media":0,"parent":0,"menu_order":0,"comment_status":"closed","ping_status":"closed","template":"","meta":{"footnotes":""},"yst_prominent_words":[734,729,733,762,780,794,796,795,792,778,797,543,542,779,791,536,793,777,732,728],"class_list":["post-802","page","type-page","status-publish","hentry","post"],"_links":{"self":[{"href":"https:\/\/gadrosaflorida.gob.ec\/sucumbios\/wp-json\/wp\/v2\/pages\/802","targetHints":{"allow":["GET"]}}],"collection":[{"href":"https:\/\/gadrosaflorida.gob.ec\/sucumbios\/wp-json\/wp\/v2\/pages"}],"about":[{"href":"https:\/\/gadrosaflorida.gob.ec\/sucumbios\/wp-json\/wp\/v2\/types\/page"}],"author":[{"embeddable":true,"href":"https:\/\/gadrosaflorida.gob.ec\/sucumbios\/wp-json\/wp\/v2\/users\/4"}],"replies":[{"embeddable":true,"href":"https:\/\/gadrosaflorida.gob.ec\/sucumbios\/wp-json\/wp\/v2\/comments?post=802"}],"version-history":[{"count":33,"href":"https:\/\/gadrosaflorida.gob.ec\/sucumbios\/wp-json\/wp\/v2\/pages\/802\/revisions"}],"predecessor-version":[{"id":4109,"href":"https:\/\/gadrosaflorida.gob.ec\/sucumbios\/wp-json\/wp\/v2\/pages\/802\/revisions\/4109"}],"wp:attachment":[{"href":"https:\/\/gadrosaflorida.gob.ec\/sucumbios\/wp-json\/wp\/v2\/media?parent=802"}],"wp:term":[{"taxonomy":"yst_prominent_words","embeddable":true,"href":"https:\/\/gadrosaflorida.gob.ec\/sucumbios\/wp-json\/wp\/v2\/yst_prominent_words?post=802"}],"curies":[{"name":"wp","href":"https:\/\/api.w.org\/{rel}","templated":true}]}}