{"id":800,"date":"2020-03-03T18:12:00","date_gmt":"2020-03-03T22:12:00","guid":{"rendered":"http:\/\/gadrosaflorida.gob.ec\/sucumbios\/?page_id=800"},"modified":"2020-12-14T17:29:19","modified_gmt":"2020-12-14T21:29:19","slug":"rendicion-de-cuentas-2019","status":"publish","type":"page","link":"https:\/\/gadrosaflorida.gob.ec\/sucumbios\/noticias-2\/rendicion-de-cuentas-2019\/","title":{"rendered":"Rendici\u00f3n de Cuentas 2019"},"content":{"rendered":"<p><img loading=\"lazy\" decoding=\"async\" width=\"1024\" height=\"438\" src=\"https:\/\/gadrosaflorida.gob.ec\/sucumbios\/wp-content\/uploads\/2020\/10\/C-Mt568XkAA2SFb-1170x500-1-1024x438.jpg\" alt=\"\" srcset=\"https:\/\/gadrosaflorida.gob.ec\/sucumbios\/wp-content\/uploads\/2020\/10\/C-Mt568XkAA2SFb-1170x500-1-1024x438.jpg 1024w, https:\/\/gadrosaflorida.gob.ec\/sucumbios\/wp-content\/uploads\/2020\/10\/C-Mt568XkAA2SFb-1170x500-1-550x235.jpg 550w, https:\/\/gadrosaflorida.gob.ec\/sucumbios\/wp-content\/uploads\/2020\/10\/C-Mt568XkAA2SFb-1170x500-1-768x328.jpg 768w, https:\/\/gadrosaflorida.gob.ec\/sucumbios\/wp-content\/uploads\/2020\/10\/C-Mt568XkAA2SFb-1170x500-1.jpg 1170w\" sizes=\"auto, (max-width: 1024px) 100vw, 1024px\" \/>\t\t\t\t\t\t\t\t\t\t\t<\/p>\n<h2>FASE 1: Planificaci\u00f3n y facilitaci\u00f3n del proceso desde la asamblea ciudadana.<\/h2>\n<h2>FASE 2: Evaluaci\u00f3n de la gesti\u00f3n y redacci\u00f3n del informe de la instituci\u00f3n. <\/h2>\n<h2>FASE 3:  Evaluaci\u00f3n ciudadana del informe institucional.<\/h2>\n<p>\t\t\tAVISO<br \/>\n\t\t\t\t\t\t\tPara Vista Previa de los documentos dale click en la imagen<br \/>\n\t\t\t\t\t\t\t\t\t\t<button type=\"button\"><br \/>\n\t\t\t\t\t&times;<br \/>\n\t\t\t\t\tDescartar alerta<br \/>\n\t\t\t\t<\/button><br \/>\n\t\t\t\t\t\t\t\t\t\t\t\t<a href=\"\">CONVOCATORIA A LA ASAMBLEA GENERAL PARA CONSULTA A LA CIUDADAIA<\/a><\/p>\n<p><a href=\"https:\/\/drive.google.com\/file\/d\/1B5B6jmit2KUy12FkzwqxquB27cJR5QI8\/view?usp=sharing\" target=\"_blank\" rel=\"https:\/\/drive.google.com\/file\/d\/1B5B6jmit2KUy12FkzwqxquB27cJR5QI8\/view?usp=sharing noopener noreferrer\"><img loading=\"lazy\" decoding=\"async\" src=\"https:\/\/gadrosaflorida.gob.ec\/sucumbios\/wp-content\/uploads\/2020\/10\/121039357_2889906601230210_4678943632380117104_n.jpg\" alt=\"\" width=\"595\" height=\"842\" \/><\/a><\/p>\n<p>\t\t\t\t\t\t\t\t\t\t\t\t<a href=\"\">ACTA DE LA SESION GENERAL PARA LA CONSULTA A LA CIUDADANIA <\/a><\/p>\n<p><a href=\"https:\/\/drive.google.com\/file\/d\/1NF90GWlwRyrBQ8SQ6AwYBugGGt29DP4M\/view?usp=sharing\" target=\"_blank\" rel=\"https:\/\/drive.google.com\/file\/d\/1NF90GWlwRyrBQ8SQ6AwYBugGGt29DP4M\/view?usp=sharing noopener noreferrer\"><img loading=\"lazy\" decoding=\"async\" src=\"https:\/\/gadrosaflorida.gob.ec\/sucumbios\/wp-content\/uploads\/2020\/10\/ACTA-DE-LA-REUNION-PARA-LA-CONSULTA-A-LA-CIUDADNIA_001.png\" alt=\"\" width=\"595\" height=\"842\" \/><\/a><\/p>\n<p>\t\t\t\t\t\t\t\t\t\t\t\t<a href=\"\">INFORME DE PREGUNTAS DE LA ASAMBLEA LOCAL DE LA PARROQUIA ROSA FLORIDA<\/a><\/p>\n<p><a href=\"https:\/\/drive.google.com\/file\/d\/1_g0IKAq1qSoiiN3LPwfNWZ0-BowDS8Wa\/view?usp=sharing\" target=\"_blank\" rel=\"https:\/\/drive.google.com\/file\/d\/1_g0IKAq1qSoiiN3LPwfNWZ0-BowDS8Wa\/view?usp=sharing noopener noreferrer\"><img loading=\"lazy\" decoding=\"async\" src=\"https:\/\/gadrosaflorida.gob.ec\/sucumbios\/wp-content\/uploads\/2020\/10\/INFORME-DE-PREGUNTAS-DE-LA-ASAMBLEA-LOCAL_001.png\" alt=\"\" width=\"595\" height=\"842\" \/><\/a><\/p>\n<p>\t\t\t\t\t\t\t\t\t\t\t\t<a href=\"\">INFORME DE RESPUESTAS A LAS INQUIETUDES DE LA ASAMBLEA LOCAL<\/a><\/p>\n<p><a href=\"https:\/\/drive.google.com\/file\/d\/1dcrDRsuCJj0q6C3NodsWngPfeUAh_LgA\/view?usp=sharing\" target=\"_blank\" rel=\"https:\/\/drive.google.com\/file\/d\/1dcrDRsuCJj0q6C3NodsWngPfeUAh_LgA\/view?usp=sharing noopener noreferrer\"><img loading=\"lazy\" decoding=\"async\" src=\"https:\/\/gadrosaflorida.gob.ec\/sucumbios\/wp-content\/uploads\/2020\/10\/INFORME-DE-RESPUESTAS-A-LA-CONSULTA-CIUDADANA_001.png\" alt=\"\" width=\"595\" height=\"842\" \/><\/a><\/p>\n<p>\t\t\t\t\t\t\t\t\t\t\t\t<a href=\"\">RESOLUCION DE APROBACION DEL INFORME PRELIMINAR POR LA ASAMBLEA LOCAL<\/a><\/p>\n<p><a href=\"https:\/\/drive.google.com\/file\/d\/1hFtSXW1vCKtpZ1Ja-EegSQuFjU6F59fa\/view?usp=sharing\" target=\"_blank\" rel=\"https:\/\/drive.google.com\/file\/d\/1hFtSXW1vCKtpZ1Ja-EegSQuFjU6F59fa\/view?usp=sharing noopener noreferrer\"><img loading=\"lazy\" decoding=\"async\" src=\"https:\/\/gadrosaflorida.gob.ec\/sucumbios\/wp-content\/uploads\/2020\/10\/APROBACION-DE-INFORME-PRELIMINAR-POR-ASAMBLEA-LOCAL_001.png\" alt=\"\" width=\"1240\" height=\"1753\" \/><\/a><\/p>\n<p>\t\t\t\t\t\t\t\t\t\t\t\t<a href=\"\">INFORME DE RENDICI\u00d3N DE CUENTAS ESTABLECIDO POR EL CPCCS INSTITUCIONAL<\/a><\/p>\n<p><a href=\"https:\/\/drive.google.com\/file\/d\/1dH7bwX6EPzrWaRr5707Jp3P1yFRAHZqm\/view?usp=sharing\" target=\"_blank\" rel=\"https:\/\/drive.google.com\/file\/d\/1dH7bwX6EPzrWaRr5707Jp3P1yFRAHZqm\/view?usp=sharing noopener noreferrer\"><img loading=\"lazy\" decoding=\"async\" src=\"https:\/\/gadrosaflorida.gob.ec\/sucumbios\/wp-content\/uploads\/2020\/10\/FORMULARIO-DE-RENDICION-DE-CUENTAS-DEL-CPCCS_001.png\" alt=\"\" width=\"595\" height=\"842\" \/><\/a><\/p>\n<p>\t\t\t\t\t\t\t\t\t\t\t\t<a href=\"\">INFORME DE RENDICI\u00d3N DE CUENTAS ESTABLECIDO POR EL CPCCS PARA LAS AUTORIDADES<\/a><\/p>\n<p><a href=\"https:\/\/drive.google.com\/file\/d\/1oQZB-bfA9PaBQ9OrTwOXmaMCR9yNimW5\/view?usp=sharing\">YEPEZ CHASPUENGAL JUAN NARCISO<\/a><\/p>\n<p><a href=\"https:\/\/drive.google.com\/file\/d\/1oQZB-bfA9PaBQ9OrTwOXmaMCR9yNimW5\/view?usp=sharing\" target=\"_blank\" rel=\"https:\/\/drive.google.com\/file\/d\/1oQZB-bfA9PaBQ9OrTwOXmaMCR9yNimW5\/view?usp=sharing noopener noreferrer\"><img loading=\"lazy\" decoding=\"async\" src=\"https:\/\/gadrosaflorida.gob.ec\/sucumbios\/wp-content\/uploads\/2020\/11\/Reporte-de-Autoridades-YEPEZ-GCHASPUENGAL-JUAN-NARCISO_001.png\" alt=\"\" width=\"595\" height=\"842\" \/>CALPA CUASQUER ABNER DANIEL<\/a><a href=\"https:\/\/drive.google.com\/file\/d\/1OR1Dtt0IfY-hEObLSpwoB9oeFT2PZqTs\/view?usp=sharing\" target=\"_blank\" rel=\"https:\/\/drive.google.com\/file\/d\/1OR1Dtt0IfY-hEObLSpwoB9oeFT2PZqTs\/view?usp=sharing noopener noreferrer\"><img loading=\"lazy\" decoding=\"async\" src=\"https:\/\/gadrosaflorida.gob.ec\/sucumbios\/wp-content\/uploads\/2020\/11\/Reporte-de-Autoridades-CALPA-CUASQUER-ABNER-DANIEL_001.png\" alt=\"\" width=\"595\" height=\"842\" \/>RAYO HIRUA FREDDY EDILBERTO<\/a><a href=\"https:\/\/drive.google.com\/file\/d\/1ayWcU-9XOWA7Ineja3PlTwXExGWx8WHQ\/view?usp=sharing\" target=\"_blank\" rel=\"https:\/\/drive.google.com\/file\/d\/1ayWcU-9XOWA7Ineja3PlTwXExGWx8WHQ\/view?usp=sharing noopener noreferrer\"><img loading=\"lazy\" decoding=\"async\" src=\"https:\/\/gadrosaflorida.gob.ec\/sucumbios\/wp-content\/uploads\/2020\/11\/Reporte-de-Autoridades-RAYO-HIRUA-FREDDY-EDILBERTO_001.png\" alt=\"\" width=\"595\" height=\"842\" \/>YAPUD CASTRO JOAQUIN SALOMON<\/a><\/p>\n<p><a href=\"https:\/\/drive.google.com\/file\/d\/1vdDNmobpK1S5hNhBUUlDpRvkH5-vBjRr\/view?usp=sharing\" target=\"_blank\" rel=\"https:\/\/drive.google.com\/file\/d\/1vdDNmobpK1S5hNhBUUlDpRvkH5-vBjRr\/view?usp=sharing noopener noreferrer\"><img loading=\"lazy\" decoding=\"async\" src=\"https:\/\/gadrosaflorida.gob.ec\/sucumbios\/wp-content\/uploads\/2020\/11\/Reporte-de-Autoridades-YAPUD-CASTRO-JOAQUIN-SALOMON_001.png\" alt=\"\" width=\"595\" height=\"842\" \/><\/a><\/p>\n<p>\t\t\t\t\t\t\t\t\t\t\t\t<a href=\"\">CONVOCATORIA A LA RENDICION DE CUENTAS 2019<\/a><\/p>\n<p><a href=\"https:\/\/drive.google.com\/file\/d\/1I_VOytmfr9OP-DvGju_Gwrp7FSnw8PCa\/view?usp=sharing\" target=\"_blank\" rel=\"https:\/\/drive.google.com\/file\/d\/1I_VOytmfr9OP-DvGju_Gwrp7FSnw8PCa\/view?usp=sharing noopener noreferrer\"><img loading=\"lazy\" decoding=\"async\" src=\"https:\/\/gadrosaflorida.gob.ec\/sucumbios\/wp-content\/uploads\/2020\/10\/IMG-20201020-WA0062.jpg\" alt=\"\" width=\"905\" height=\"1280\" \/><\/a><\/p>\n<p>\t\t\t\t\t\t\t\t\t\t\t\t<a href=\"\">INFORME DE RENDICI\u00d3N DE CUENTAS 2019<\/a><\/p>\n<p><a href=\"https:\/\/drive.google.com\/file\/d\/1eJ7--hFzPX8BsgA-ws2l2q7tj5AVYTMA\/view?usp=sharing\" target=\"_blank\" rel=\"https:\/\/drive.google.com\/file\/d\/1eJ7--hFzPX8BsgA-ws2l2q7tj5AVYTMA\/view?usp=sharing noopener noreferrer\"><img loading=\"lazy\" decoding=\"async\" src=\"https:\/\/gadrosaflorida.gob.ec\/sucumbios\/wp-content\/uploads\/2020\/10\/INFORME-DE-RENDICION-DE-CUENTAS-GAD-ROSA-FLORIDA-2019.jpg\" alt=\"\" width=\"1280\" height=\"720\" \/><\/a><\/p>\n<p>\t\t\t\t\t\t\t\t\t\t\t\t<a href=\"\">FORMULARIO EXCEL DE RENDICI\u00d3N DE CUENTAS<\/a><\/p>\n<p><a href=\"https:\/\/drive.google.com\/file\/d\/1M5lHO1U82Og2zR72l3p8DCQwFysKqckq\/view?usp=sharing\" target=\"_blank\" rel=\"https:\/\/drive.google.com\/file\/d\/1M5lHO1U82Og2zR72l3p8DCQwFysKqckq\/view?usp=sharing noopener noreferrer\"><img loading=\"lazy\" decoding=\"async\" src=\"https:\/\/gadrosaflorida.gob.ec\/sucumbios\/wp-content\/uploads\/2020\/10\/Sin-t\u00edtulo-e1603935271248.png\" alt=\"\" width=\"1307\" height=\"549\" \/><\/a><\/p>\n<p>\t\t\t\t\t\t\t\t\t\t\t\t<a href=\"\">FORMULARIO EXCEL DE RENDICI\u00d3N DE CUENTAS VOCALES<\/a><\/p>\n<p><a href=\"https:\/\/drive.google.com\/file\/d\/1cI08jzaIR3Ad48vM-eJ3AMy94dx7TbM9\/view?usp=sharing\" target=\"_blank\" rel=\"https:\/\/drive.google.com\/file\/d\/1cI08jzaIR3Ad48vM-eJ3AMy94dx7TbM9\/view?usp=sharing noopener noreferrer\">CALPA CUASQUER ABNER DANIEL<img loading=\"lazy\" decoding=\"async\" src=\"https:\/\/gadrosaflorida.gob.ec\/sucumbios\/wp-content\/uploads\/2020\/10\/Sin-t\u00edtulo-e1604085479760.jpg\" alt=\"\" width=\"1290\" height=\"556\" \/>YEPEZ CHASPUENGAL JUAN NARCISO<\/a><\/p>\n<p><a href=\"https:\/\/drive.google.com\/file\/d\/1qEiiA_ADvyo0YybY5P90e98vUVCaAkvw\/view?usp=sharing\" target=\"_blank\" rel=\"https:\/\/drive.google.com\/file\/d\/1qEiiA_ADvyo0YybY5P90e98vUVCaAkvw\/view?usp=sharing noopener noreferrer\"><img loading=\"lazy\" decoding=\"async\" src=\"https:\/\/gadrosaflorida.gob.ec\/sucumbios\/wp-content\/uploads\/2020\/11\/Sin-t\u00edtulo-e1605127823688.png\" alt=\"\" width=\"1355\" height=\"587\" \/>YAPUD CASTRO JOAQUIN SALOMON<\/a><\/p>\n<p><a href=\"https:\/\/drive.google.com\/file\/d\/1BW539q1mF7Hlh_GOJ99Gb8cWw1qytJ1a\/view?usp=sharing\" target=\"_blank\" rel=\"https:\/\/drive.google.com\/file\/d\/1BW539q1mF7Hlh_GOJ99Gb8cWw1qytJ1a\/view?usp=sharing noopener noreferrer\"><img loading=\"lazy\" decoding=\"async\" src=\"https:\/\/gadrosaflorida.gob.ec\/sucumbios\/wp-content\/uploads\/2020\/11\/Sin-t\u00edtulo.jpg\" alt=\"\" width=\"1122\" height=\"625\" \/><\/a><\/p>\n<p>\t\t\t\t\t\t\t\t\t\t\t\t<a href=\"\">FICHA DE SUGERENCIAS Y RECOMENDACIONES<\/a><\/p>\n<p><a href=\"https:\/\/drive.google.com\/file\/d\/10CGnd4234oQrXRame2rYblTKo46-rhg0\/view?usp=sharing\" target=\"_blank\" rel=\"https:\/\/drive.google.com\/file\/d\/10CGnd4234oQrXRame2rYblTKo46-rhg0\/view?usp=sharing noopener noreferrer\"><img loading=\"lazy\" decoding=\"async\" src=\"https:\/\/gadrosaflorida.gob.ec\/sucumbios\/wp-content\/uploads\/2020\/10\/SUGERENCIA-Y-RECOMENDACIONES-DE-LA-SAMBLEA-CIUDADANA_001.png\" alt=\"\" width=\"1240\" height=\"1753\" \/><\/a><\/p>\n<p>\t\t\t\t\t\t\t\t\t\t\t\t<a href=\"\">ASDAMBLEA GENERAL PARA LA RENDICION DE CUENTAS A\u00d1O 2019<\/a><\/p>\n<p><a href=\"https:\/\/drive.google.com\/file\/d\/144-dHDUsFuQELMFoGIp5aGcSlTkktcIm\/view?usp=sharing\" target=\"_blank\" rel=\"https:\/\/drive.google.com\/file\/d\/144-dHDUsFuQELMFoGIp5aGcSlTkktcIm\/view?usp=sharing noopener noreferrer\"><img loading=\"lazy\" decoding=\"async\" src=\"https:\/\/gadrosaflorida.gob.ec\/sucumbios\/wp-content\/uploads\/2020\/12\/ASAMBLEA-GENERAL-PARA-LA-RENDICION-DE-CUENTAS-PERIODO-2019_001.png\" alt=\"\" width=\"595\" height=\"842\" \/><\/a><\/p>\n<p>\t\t\t\t\t\t\t\t\t\t\t\t<a href=\"\">ASISTENCIA DE PARTICIPANTES A LA RENDICION DE CUENTAS 2019<\/a><\/p>\n<p><a href=\"https:\/\/drive.google.com\/file\/d\/1Yt5Qqhlxfh_YXieGZh3dQvFyqz2Mgg5y\/view?usp=sharing\" target=\"_blank\" rel=\"https:\/\/drive.google.com\/file\/d\/1Yt5Qqhlxfh_YXieGZh3dQvFyqz2Mgg5y\/view?usp=sharing noopener noreferrer\"><img loading=\"lazy\" decoding=\"async\" src=\"https:\/\/gadrosaflorida.gob.ec\/sucumbios\/wp-content\/uploads\/2020\/10\/REGISTRO-DE-ASISTENCIA-RENDICION-DE-CUENTAS_001.png\" alt=\"\" width=\"1240\" height=\"1753\" \/><\/a><\/p>\n","protected":false},"excerpt":{"rendered":"<p>FASE 1: Planificaci\u00f3n y facilitaci\u00f3n del proceso desde la asamblea ciudadana. FASE 2: Evaluaci\u00f3n de la gesti\u00f3n y redacci\u00f3n del informe de la instituci\u00f3n. FASE 3: Evaluaci\u00f3n ciudadana del informe institucional. AVISO Para Vista Previa de los documentos dale click en la imagen &times; Descartar alerta CONVOCATORIA A LA ASAMBLEA GENERAL PARA CONSULTA A LA [&hellip;]<\/p>\n","protected":false},"author":4,"featured_media":2659,"parent":983,"menu_order":0,"comment_status":"closed","ping_status":"closed","template":"","meta":{"footnotes":""},"yst_prominent_words":[534,734,729,737,733,735,535,555,553,554,543,542,536,533,731,736,730,732,728],"class_list":["post-800","page","type-page","status-publish","has-post-thumbnail","hentry","post","post-with-thumbnail","post-with-thumbnail-large"],"_links":{"self":[{"href":"https:\/\/gadrosaflorida.gob.ec\/sucumbios\/wp-json\/wp\/v2\/pages\/800","targetHints":{"allow":["GET"]}}],"collection":[{"href":"https:\/\/gadrosaflorida.gob.ec\/sucumbios\/wp-json\/wp\/v2\/pages"}],"about":[{"href":"https:\/\/gadrosaflorida.gob.ec\/sucumbios\/wp-json\/wp\/v2\/types\/page"}],"author":[{"embeddable":true,"href":"https:\/\/gadrosaflorida.gob.ec\/sucumbios\/wp-json\/wp\/v2\/users\/4"}],"replies":[{"embeddable":true,"href":"https:\/\/gadrosaflorida.gob.ec\/sucumbios\/wp-json\/wp\/v2\/comments?post=800"}],"version-history":[{"count":29,"href":"https:\/\/gadrosaflorida.gob.ec\/sucumbios\/wp-json\/wp\/v2\/pages\/800\/revisions"}],"predecessor-version":[{"id":2930,"href":"https:\/\/gadrosaflorida.gob.ec\/sucumbios\/wp-json\/wp\/v2\/pages\/800\/revisions\/2930"}],"up":[{"embeddable":true,"href":"https:\/\/gadrosaflorida.gob.ec\/sucumbios\/wp-json\/wp\/v2\/pages\/983"}],"wp:featuredmedia":[{"embeddable":true,"href":"https:\/\/gadrosaflorida.gob.ec\/sucumbios\/wp-json\/wp\/v2\/media\/2659"}],"wp:attachment":[{"href":"https:\/\/gadrosaflorida.gob.ec\/sucumbios\/wp-json\/wp\/v2\/media?parent=800"}],"wp:term":[{"taxonomy":"yst_prominent_words","embeddable":true,"href":"https:\/\/gadrosaflorida.gob.ec\/sucumbios\/wp-json\/wp\/v2\/yst_prominent_words?post=800"}],"curies":[{"name":"wp","href":"https:\/\/api.w.org\/{rel}","templated":true}]}}