{"id":4756,"date":"2023-01-02T14:36:44","date_gmt":"2023-01-02T18:36:44","guid":{"rendered":"https:\/\/gadrosaflorida.gob.ec\/sucumbios\/?page_id=4756"},"modified":"2025-08-14T10:55:28","modified_gmt":"2025-08-14T14:55:28","slug":"rendicion-de-cuentas-2023","status":"publish","type":"page","link":"https:\/\/gadrosaflorida.gob.ec\/sucumbios\/rendicion-de-cuentas-2023\/","title":{"rendered":"Rendici\u00f3n de Cuentas 2023"},"content":{"rendered":"<p><img width=\"720\" height=\"390\" src=\"https:\/\/gadrosaflorida.gob.ec\/sucumbios\/wp-content\/uploads\/2022\/03\/C-Mt568XkAA2SFb-768x416-1.jpg\" alt=\"\" decoding=\"async\" loading=\"lazy\" srcset=\"https:\/\/gadrosaflorida.gob.ec\/sucumbios\/wp-content\/uploads\/2022\/03\/C-Mt568XkAA2SFb-768x416-1.jpg 768w, https:\/\/gadrosaflorida.gob.ec\/sucumbios\/wp-content\/uploads\/2022\/03\/C-Mt568XkAA2SFb-768x416-1-550x298.jpg 550w\" sizes=\"auto, (max-width: 720px) 100vw, 720px\" \/>\t\t\t\t\t\t\t\t\t\t\t<\/p>\n<h2 id=\"elementor-tab-title-1471\" data-tab=\"1\" role=\"tab\" aria-controls=\"elementor-tab-content-1471\">\n\t\t\t\t\t\t\t\t\t\t\t\t<a href=\"\">FASE 1: Planificaci\u00f3n y facilitaci\u00f3n del proceso desde la asamblea ciudadana<\/a><br \/>\n\t\t\t\t\t<\/h2>\n<p><a href=\"https:\/\/drive.google.com\/file\/d\/1HV7FStXXvxwirskOM6gXCJkABPMPfs68\/view?usp=sharing\" target=\"_blank\" rel=\"noopener\">1.1.- CONVOCATORIA\u00a0 AL DIRECTORIO DE LA ASAMBLEA CIUDADANA\u00a0 \u00a0LOCAL PARA DAR PASO A LA PLANIFICACI\u00d3N DEL PROCESO DE RENDICI\u00d3N DE CUENTAS 2023<\/a><\/p>\n<p><a href=\"https:\/\/drive.google.com\/file\/d\/1M21Sjmtk4XKthhFr3VPLnvyK3ADgHGX6\/view?usp=sharing\" target=\"_blank\" rel=\"noopener\">1.2.- ACTA DE LA SESI\u00d3N ORDINARIA DEL DIRECTORIO DE LA ASAMBLEA CIUDADANA LOCAL DE LA PARROQUIA ROSA FLORIDA PARA LA PLANIFICACI\u00d3N DE CONSULTA A LA CIUDADAN\u00cdA<\/a><\/p>\n<p><a href=\"https:\/\/drive.google.com\/file\/d\/1OLQNv6vvPotVfKQsaTEWEc_15lvXIKk1\/view?usp=sharing\" target=\"_blank\" rel=\"noopener\">1.3.- SOLICITUD DEL PRESIDENTE DEL DIRECTORIO DE LA ASAMBLEA CIUDADANA LOCAL\u00a0 PARA EL ACCESO DE DOCUMENTOS INSTTIUCIONALES DEL GOBIERNO PARROQUIAL DE\u00a0 ROSA FLORIDA<\/a><\/p>\n<p><a href=\"https:\/\/drive.google.com\/file\/d\/1bllBdUrS82uzIhj2PLIY4dcThM-hP1M2\/view?usp=sharing\" target=\"_blank\" rel=\"noopener\">1.4.- RESPUESTA POR PARTE DE LA MAXIMA AUTORIDAD DEL GOBIERNO PARROQUIAL DE ROSA FLORIDA A LA SOLICITUD DE DOCUMENTACION DEL DIRECTORIO DE LA ACL<\/a>\u00a0<\/p>\n<p><a href=\"https:\/\/drive.google.com\/file\/d\/1WlbEjNbV5bH4MZCTpdzR1zL4lQOLM6W0\/view?usp=sharing\" target=\"_blank\" rel=\"noopener\">1.5.- PLA DE DESARROLLO Y ORDENAMIENTO TERRITORIAL 2019-2023<\/a><\/p>\n<p><a href=\"https:\/\/drive.google.com\/file\/d\/1dbCFMW0UkEYqHehetP49GJKoMy0dPK5G\/view?usp=sharing\" target=\"_blank\" rel=\"noopener\">1.6.- PLAN DE TRABAJO DE LA MAXIMA AUTORIDAD<\/a><\/p>\n<p><a href=\"https:\/\/drive.google.com\/file\/d\/104RIdEcee6-r6PTZkAe8zUIYWaxXeqRI\/view?usp=sharing\" target=\"_blank\" rel=\"noopener\">1.7.- PLAN OPERATIVO ANUAL 2023<\/a><\/p>\n<p><a href=\"https:\/\/drive.google.com\/file\/d\/1HmSAqFn2ghy_S-ui1He9suuDq5cfoxwr\/view?usp=sharing\" target=\"_blank\" rel=\"noopener\">1.8.- PRESUPUESTO 2023<\/a><\/p>\n<p><a href=\"https:\/\/drive.google.com\/file\/d\/1wYEJEN0HY1yjoMfLPqrtgnHVXn-nh-Q8\/view?usp=sharing\" target=\"_blank\" rel=\"noopener\">1.9.- MATRIZ DE MAPEO DE ACTORES PARA CONSULTA A LA CIUDADAN\u00cdA<\/a><\/p>\n<p><a href=\"https:\/\/drive.google.com\/file\/d\/1qzrnErFF2RUre-CDHYG5dE5ndG7AXNGz\/view?usp=sharing\" target=\"_blank\" rel=\"noopener\">1.10.- \u00a0INVITACIONES A LA ASAMBLEA GENERAL PARA LA CONSULTA A LA CIUDADAN\u00cdA<\/a><\/p>\n<p><a href=\"https:\/\/drive.google.com\/file\/d\/1YD7mODNA0RzY2z2QAPwEWvHkyq6StyrL\/view?usp=sharing\" target=\"_blank\" rel=\"noopener\">1.11.- ACTA DE ASAMBLEA GENERAL PARA CONSULTA A LA CIUDADAN\u00cdA<\/a><\/p>\n<p><a href=\"https:\/\/drive.google.com\/file\/d\/1cc_hejI7azkyHT-_e3aVblbWGUymqvqi\/view?usp=sharing\" target=\"_blank\" rel=\"noopener\">1.12.- OFICIO DEL PRESIDENTE DE LA ASAMBLEA CIUDADANA LOCAL DE LA PARROQUIA ROSA FLORIDA, HACIENDO LA ENTREGA DE LOS TEMAS DE INTERES CIUDADANO QUE SE REQUIERE RINDA CUENTAS<\/a><\/p>\n<p><a href=\"https:\/\/drive.google.com\/file\/d\/1QF5fmu0t-lMJUug4Qw-o_CqA4Z3DHrkR\/view?usp=sharing\" target=\"_blank\" rel=\"noopener\">1.13. MATRICES DE LEVANTAMIENTO DE INFORMACION DE LA CONSULTA A LA CIUDADANIA<\/a><\/p>\n<h2 id=\"elementor-tab-title-7541\" data-tab=\"1\" role=\"tab\" aria-controls=\"elementor-tab-content-7541\">\n\t\t\t\t\t\t\t\t\t\t\t\t<a href=\"\">FASE 2: Evaluaci\u00f3n de la gesti\u00f3n y redacci\u00f3n del informe de la instituci\u00f3n. <\/a><br \/>\n\t\t\t\t\t<\/h2>\n<p><a href=\"https:\/\/drive.google.com\/file\/d\/1f7VGySw1jo1QaKTIl4DHLIa3XITf_mKr\/view?usp=sharing\" target=\"_blank\" rel=\"noopener\">2.1.- MEMORANDUM DE DESIGACION PARA LA ELABORAR EL INFORME PRELIMINAR DE RENDICION DE CUENTAS 2023<\/a><\/p>\n<p><a href=\"https:\/\/drive.google.com\/file\/d\/1bTM68e0VT87IXm0zIchoKUXTAgs83Thh\/view?usp=sharing\" target=\"_blank\" rel=\"noopener\">2.2.- INFORME PRELIMINAR DE RENDICION DE CUENTAS 2023<\/a><\/p>\n<p><a href=\"https:\/\/docs.google.com\/spreadsheets\/d\/1PyHX6WME6sIjDBOiW6g3vOTx4EaSmWsJ\/edit?usp=sharing&amp;ouid=100161328468247311523&amp;rtpof=true&amp;sd=true\" target=\"_blank\" rel=\"noopener\">2.3.- FORMULARIO EN EXCEL DEL INFORME DE RENDICI\u00d3N DE CUENTAS INSTITUCIONAL GAD ROSA FLORIDA\u00a0<\/a><\/p>\n<p><a href=\"https:\/\/docs.google.com\/spreadsheets\/d\/1QXbPk4QA0P8MDlQfnVG4gAWFFRKJyfpx\/edit?usp=sharing&amp;ouid=100161328468247311523&amp;rtpof=true&amp;sd=true\" target=\"_blank\" rel=\"noopener\">2.4.- FORMULARIO EN EXCEL DEL INFORME DE RENDICI\u00d3N DE CUENTAS AUTORIDADES CALPA CUASQUER ABNER DANIEL<\/a><\/p>\n<p><a href=\"https:\/\/docs.google.com\/spreadsheets\/d\/1MBqCowdF2-peHsk2va7x9w_CC6vVw3qA\/edit?usp=sharing&amp;ouid=100161328468247311523&amp;rtpof=true&amp;sd=true\" target=\"_blank\" rel=\"noopener\">2.5.- FORMULARIO EN EXCEL DEL INFORME DE RENDICI\u00d3N DE CUENTAS AUTORIDADES HERRERA ARTEAGA SANDRA DAYAMARA<\/a><\/p>\n<p><a href=\"https:\/\/docs.google.com\/spreadsheets\/d\/1z5XYu9qUl4JooLN4hClrcVzexbwVX8LZ\/edit?usp=sharing&amp;ouid=100161328468247311523&amp;rtpof=true&amp;sd=true\" target=\"_blank\" rel=\"noopener\">2.6.- FORMULARIO EN EXCEL DEL INFORME DE RENDICI\u00d3N DE CUENTAS AUTORIDADES RAYO YEPEZ CARLOS OSWALDO<\/a><\/p>\n<p><a href=\"https:\/\/docs.google.com\/spreadsheets\/d\/1BejfYq2q_nCN7AhuFTZkixXAq29Waehk\/edit?usp=sharing&amp;ouid=100161328468247311523&amp;rtpof=true&amp;sd=true\" target=\"_blank\" rel=\"noopener\">2.7.- FORMULARIO EN EXCEL DEL INFORME DE RENDICI\u00d3N DE CUENTAS AUTORIDADES FUEL MALES EDGAR FERNANDO<\/a><\/p>\n<p><a href=\"https:\/\/docs.google.com\/spreadsheets\/d\/19bB8t6DYLtucDzfh3q-RmALfIHoi3hUh\/edit?usp=sharing&amp;ouid=100161328468247311523&amp;rtpof=true&amp;sd=true\" target=\"_blank\" rel=\"noopener\">2.8.- FORMULARIO EN EXCEL DEL INFORME DE RENDICI\u00d3N DE CUENTAS AUTORIDADES JARAMILLO ESTACIO YADIRA MARIBEL<\/a><\/p>\n<p><a href=\"https:\/\/drive.google.com\/file\/d\/17-4z0zMFLDmVunDL-c2_f66ta2jx_xYV\/view?usp=sharing\" target=\"_blank\" rel=\"noopener\">2.9.- RESOLUCION APROBATORIA DE LA MAXIMA AUTORIDAD DEL GOBIERNO PARROQUIAL, AL INFORME PRELIMINAR DE RENDICION DE CUENTAS 2023<\/a><\/p>\n<p><a href=\"https:\/\/drive.google.com\/file\/d\/11AXtzLeIRD4ylVosKn_X458k_kxyGWrK\/view?usp=sharing\" target=\"_blank\" rel=\"noopener\">2.10.- OFICIO DE ENTREGA DEL INFORME PRELIMINAR PARA LA ACL DE LA PARROQUIA ROSA FLORIDA<\/a><\/p>\n<p><a href=\"https:\/\/drive.google.com\/file\/d\/1HVqiy3VbTpTJOX9cJIysGGarjxiTy0N-\/view?usp=sharing\" target=\"_blank\" rel=\"noopener\">2.11.- ACTA ENTREGA DEL INFORME PRELIMINAR A LA ACL DE LA PARROQUIA ROSA FLORIDA<\/a><\/p>\n<h2 id=\"elementor-tab-title-1071\" data-tab=\"1\" role=\"tab\" aria-controls=\"elementor-tab-content-1071\">\n\t\t\t\t\t\t\t\t\t\t\t\t<a href=\"\">FASE 3: Evaluaci\u00f3n ciudadana del informe institucional.<\/a><br \/>\n\t\t\t\t\t<\/h2>\n<p><a href=\"https:\/\/drive.google.com\/file\/d\/1qOFGVAbdrrRcAufCBLIpBnUvgurItnKF\/view?usp=sharing\" target=\"_blank\" rel=\"noopener\">3.1.- CONVOCATORIA DEL DIRECTORIO DE LA ASAMBLEA CIUDADANA LOCAL PARA LA EVALUACION DEL INFORME PRELIMINAR DE RENDICION DE CUENTAS 2023<\/a><\/p>\n<p><a href=\"https:\/\/drive.google.com\/file\/d\/1HPwuvND_Oy1vpEx2UZeHF12yYBhLH9hN\/view?usp=sharing\" target=\"_blank\" rel=\"noopener\">3.2.- ACTA DE LA SESION ORDINARIA NRO 002 DEL DIRECTORIO DE LA ASAMBLEA CIUDADANA LOCAL DE LA PARROQUIA ROSA FLORIDA, PARA PRESENTAR LAS OPINIONES Y VALORACIONES DEL INFORME PRELIMINAR DE RENDICION DE CUENTAS 2023<\/a><\/p>\n<p><a href=\"https:\/\/drive.google.com\/file\/d\/1GwpEGp78tgokTqWTHYmQS23p3IUUY7dU\/view?usp=sharing\" target=\"_blank\" rel=\"noopener\">3.3.- RESOLUCION Nro. ACL-PRF-001-2024 PARA LA APROBACION DEL INFORME PRELIMINAR DE RENDICION DE CUENTAS 2023 Y SU RESPECTIVO\u00a0 CONSETIMIENTO PARA LA DELIBERACION PUBLICA CON LA CIUDADANIA EN GENERAL DE LA PARROQUIA.<\/a><\/p>\n<p><a href=\"https:\/\/drive.google.com\/file\/d\/1TK_Bi63ROIUBZhar2wWE8_kXAcoo5Pqq\/view?usp=sharing\" target=\"_blank\" rel=\"noopener\">3.4.- INVITACIONES A LOS ACTORES SOCIALES Y EL DIRECTORIO DE LA ASAMBLEA CIUDADANA LOCAL DE LA PARROQUIA ROSA FLORIDA PARA LA DELIBERACION PUBLICA DEL INFORME DE RENDICI\u00d3N DE CUENTAS 2023<\/a><\/p>\n<p><a href=\"https:\/\/drive.google.com\/file\/d\/1Euplq7aJ5iESg5h0Dvxuz0NpDnMJe6rG\/view?usp=sharing\" target=\"_blank\" rel=\"noopener\">3.5.- CONVOCATORIAS A LAS AUTORIDADES DEL GOBIERNO PARROQUIAL\u00a0 DE ROSA FLORIDA PARA LA DELIBERACION PUBLICA DEL INFORME DE RENDICION DE CUENTAS 2023<\/a><\/p>\n<p><a href=\"https:\/\/drive.google.com\/file\/d\/1TK_Bi63ROIUBZhar2wWE8_kXAcoo5Pqq\/view?usp=sharing\" target=\"_blank\" rel=\"noopener\">3.6.- INVITACION GENERAL\u00a0 A\u00a0 TRAVES DE REDES SOCIALES PARA LA DELIBERACION PUBLICA DEL INFORME DE RENDICION DE CUENTAS 2023<\/a><\/p>\n<p><a href=\"https:\/\/drive.google.com\/file\/d\/1VReC_PRTK9jtcQ-hviiUVOyLCjeYfaAE\/view?usp=sharing\" target=\"_blank\" rel=\"noopener\">3.6.- REGISTRO DE ASISTENCIA DE LAS AUTORIDADES DEL GOBIERNO PARROQUIAL DE ROSA FLORIDA EN LA DELIBERACION PUBLICA DEL INFORME DE RENDICION DE CUENTAS 2023<\/a><\/p>\n<p><a href=\"https:\/\/drive.google.com\/file\/d\/1ED_d-yTDs6QgDxtf0pBHJuG6nVIEUt1L\/view?usp=sharing\" target=\"_blank\" rel=\"noopener\">3.7.- REGISTRO DE ASISTENCIA DE LA SOCIEDAD CIVIL EN LA ASAMBLEA GENERAL PARA LA DELIBERACION PUBLICA DEL INFORME DE RENDICION DE CUENTAS 2023<\/a><\/p>\n<p><a href=\"https:\/\/drive.google.com\/file\/d\/1jD9On-fiFZdx1l7YcznM_BL1LkgyFQUX\/view?usp=sharing\" target=\"_blank\" rel=\"noopener\">3.8.- INFORME DE RENDICION DE CUENTAS INSTITUCIONAL GOBIERNO PARROQUIAL DE ROSA FLORIDA<\/a><\/p>\n<p><a href=\"https:\/\/drive.google.com\/file\/d\/1X36hpZ_Zfg-_LCjXNmA2XHRKvTxas358\/view?usp=sharing\" target=\"_blank\" rel=\"noopener\">3.9.- INFORME DE RENDICION DE CUENTAS AUTORIDADES\u00a0 CALPA CUASQUER ABNER DANIEL<\/a><\/p>\n<p><a href=\"https:\/\/drive.google.com\/file\/d\/1DVKpKczsoKW4nfwPmNsgyqkCAkjN-TW0\/view?usp=sharing\" target=\"_blank\" rel=\"noopener\">3.10.- INFORME DE RENDICION DE CUENTAS AUTORIDADES HERRERA ARTEAGA SANDRA DAYAMARA<\/a><\/p>\n<p><a href=\"https:\/\/drive.google.com\/file\/d\/1PWBFHvs0V2a4zFdj-JypiKDta8e1nuUv\/view?usp=sharing\" target=\"_blank\" rel=\"noopener\">3.11.- INFORME DE RENDICION DE CUENTAS AUTORIDADES FUEL MALES EDGAR FERNANDO<\/a><\/p>\n<p><a href=\"https:\/\/drive.google.com\/file\/d\/1yi9qx6RYgf7_ONtVWEWMpAapr4segUac\/view?usp=sharing\" target=\"_blank\" rel=\"noopener\">3.12.- INFORME DE RENDICION DE CUENTAS AUTORIDADES JARAMILLO ESTACIO YADIRA MARIBEL<\/a><\/p>\n<p><a href=\"https:\/\/drive.google.com\/file\/d\/19zeI8GEbsON_eIFrrOUIYg3UNWm2tXhe\/view?usp=sharing\" target=\"_blank\" rel=\"noopener\">3.13.- SUGERENCIAS Y RECOMENDACIONES DE LA CIUDADANIA<\/a><\/p>\n<h2 id=\"elementor-tab-title-9031\" data-tab=\"1\" role=\"tab\" aria-controls=\"elementor-tab-content-9031\">\n\t\t\t\t\t\t\t\t\t\t\t\t<a href=\"\">FASE 4: Incorporaci\u00f3n de la opini\u00f3n ciudadana, Retroalimentaci\u00f3n y Seguimiento.<\/a><br \/>\n\t\t\t\t\t<\/h2>\n<p><a href=\"https:\/\/drive.google.com\/file\/d\/1P_-z5J6aoNy-M6N8VKWlTeD9YQSFcrpH\/view?usp=sharing\" target=\"_blank\" rel=\"noopener\">4.1.- FORMULARIO DEL CPCCS INSTITUCIONAL DEL GADPRRF<\/a><\/p>\n<p><a href=\"https:\/\/drive.google.com\/file\/d\/1WUFvLXVpJ8VlpC5hcv78J0cF1gvz1qe6\/view?usp=sharing\" target=\"_blank\" rel=\"noopener\">4.2.- FORMULARIO DEL CPCCS AUTORIDADES CALPA CUASQUER ABNER DANIEL<\/a><\/p>\n<p><a href=\"https:\/\/drive.google.com\/file\/d\/1Rjm-_vAvnA4Wm0Nnoc3DBevgtU1eVmeD\/view?usp=sharing\" target=\"_blank\" rel=\"noopener\">4.3.- FORMULARIO DEL CPCCS AUTORIDADES HERRERA ARTEAGA SANDRA DAYAMARA<\/a><\/p>\n<p><a href=\"https:\/\/drive.google.com\/file\/d\/1JLf3aBb8Y9ApsGF7lGFYkZKAgWgXtdMz\/view?usp=sharing\" target=\"_blank\" rel=\"noopener\">4.4.- FORMULARIO DEL CPCCS AUTORIDADES RAYO YEPEZ CARLOS OSWALDO<\/a><\/p>\n<p><a href=\"https:\/\/drive.google.com\/file\/d\/1gFA0d0vwmrtEpdhtPbonorMT3hhDJ2SN\/view?usp=sharing\" target=\"_blank\" rel=\"noopener\">4.5.- FORMULARIO DEL CPCCS AUTORIDADES FUEL MALES EDGAR FERNANDO<\/a><\/p>\n<p><a href=\"https:\/\/drive.google.com\/file\/d\/1VRshW5MI9DvMHWh9inYViHzQGoznr51Y\/view?usp=sharing\" target=\"_blank\" rel=\"noopener\">4.6.- FORMULARIO DEL CPCCS AUTORIDADES JARAMILLO ESTACIO YADIRA MARIBEL<\/a><\/p>\n<p><a href=\"https:\/\/drive.google.com\/file\/d\/13w8axKP93I2BtSm16FySf_CTSkM2dBqA\/view?usp=sharing\" target=\"_blank\" rel=\"noopener\">4.7.- MEMORIA DEL EVENTO DE DELIBERACION PUBLICA DEL INFORME DE RENDICION DE CUENTAS 2023<\/a><\/p>\n<h2><a href=\"https:\/\/drive.google.com\/file\/d\/1pXfaSkxFsLkpvT2oOSg_npFX90PbnLyU\/view?usp=sharing\">ASAMBLEA GENERAL PARA LA DELIBERACION PUBLICA DEL INFORME DE RENDICION DE CUENTAS 2023<\/a><\/h2>\n<p>\t\t\t<iframe loading=\"lazy\" src=\"https:\/\/drive.google.com\/file\/d\/1pXfaSkxFsLkpvT2oOSg_npFX90PbnLyU\/preview\" width=\"640\" height=\"480\" allow=\"autoplay\"><\/iframe><\/p>\n","protected":false},"excerpt":{"rendered":"<p>FASE 1: Planificaci\u00f3n y facilitaci\u00f3n del proceso desde la asamblea ciudadana 1.1.- CONVOCATORIA\u00a0 AL DIRECTORIO DE LA ASAMBLEA CIUDADANA\u00a0 \u00a0LOCAL PARA DAR PASO A LA PLANIFICACI\u00d3N DEL PROCESO DE RENDICI\u00d3N DE CUENTAS 2023 1.2.- ACTA DE LA SESI\u00d3N ORDINARIA DEL DIRECTORIO DE LA ASAMBLEA CIUDADANA LOCAL DE LA PARROQUIA ROSA FLORIDA PARA LA PLANIFICACI\u00d3N DE [&hellip;]<\/p>\n","protected":false},"author":4,"featured_media":0,"parent":0,"menu_order":0,"comment_status":"closed","ping_status":"closed","template":"","meta":{"footnotes":""},"yst_prominent_words":[794,543,542,791,536],"class_list":["post-4756","page","type-page","status-publish","hentry","post"],"_links":{"self":[{"href":"https:\/\/gadrosaflorida.gob.ec\/sucumbios\/wp-json\/wp\/v2\/pages\/4756","targetHints":{"allow":["GET"]}}],"collection":[{"href":"https:\/\/gadrosaflorida.gob.ec\/sucumbios\/wp-json\/wp\/v2\/pages"}],"about":[{"href":"https:\/\/gadrosaflorida.gob.ec\/sucumbios\/wp-json\/wp\/v2\/types\/page"}],"author":[{"embeddable":true,"href":"https:\/\/gadrosaflorida.gob.ec\/sucumbios\/wp-json\/wp\/v2\/users\/4"}],"replies":[{"embeddable":true,"href":"https:\/\/gadrosaflorida.gob.ec\/sucumbios\/wp-json\/wp\/v2\/comments?post=4756"}],"version-history":[{"count":74,"href":"https:\/\/gadrosaflorida.gob.ec\/sucumbios\/wp-json\/wp\/v2\/pages\/4756\/revisions"}],"predecessor-version":[{"id":122429,"href":"https:\/\/gadrosaflorida.gob.ec\/sucumbios\/wp-json\/wp\/v2\/pages\/4756\/revisions\/122429"}],"wp:attachment":[{"href":"https:\/\/gadrosaflorida.gob.ec\/sucumbios\/wp-json\/wp\/v2\/media?parent=4756"}],"wp:term":[{"taxonomy":"yst_prominent_words","embeddable":true,"href":"https:\/\/gadrosaflorida.gob.ec\/sucumbios\/wp-json\/wp\/v2\/yst_prominent_words?post=4756"}],"curies":[{"name":"wp","href":"https:\/\/api.w.org\/{rel}","templated":true}]}}