{"id":3817,"date":"2022-01-11T09:40:25","date_gmt":"2022-01-11T13:40:25","guid":{"rendered":"https:\/\/gadrosaflorida.gob.ec\/sucumbios\/?page_id=3817"},"modified":"2024-05-19T19:37:37","modified_gmt":"2024-05-19T23:37:37","slug":"rendicion-de-cuentas-2022","status":"publish","type":"page","link":"https:\/\/gadrosaflorida.gob.ec\/sucumbios\/rendicion-de-cuentas-2022\/","title":{"rendered":"Rendici\u00f3n de Cuentas 2022"},"content":{"rendered":"<p><img width=\"768\" height=\"416\" src=\"https:\/\/gadrosaflorida.gob.ec\/sucumbios\/wp-content\/uploads\/2022\/03\/C-Mt568XkAA2SFb-768x416-1.jpg\" alt=\"\" decoding=\"async\" loading=\"lazy\" srcset=\"https:\/\/gadrosaflorida.gob.ec\/sucumbios\/wp-content\/uploads\/2022\/03\/C-Mt568XkAA2SFb-768x416-1.jpg 768w, https:\/\/gadrosaflorida.gob.ec\/sucumbios\/wp-content\/uploads\/2022\/03\/C-Mt568XkAA2SFb-768x416-1-550x298.jpg 550w\" sizes=\"auto, (max-width: 768px) 100vw, 768px\" \/><br \/>\n\t\t\tAVISO<br \/>\n\t\t\t\t\t\t\tPara Vista Previa de los documentos dale click en la imagen<br \/>\n\t\t\t\t\t\t\t\t\t\t<button type=\"button\"><br \/>\n\t\t\t\t\t&times;<br \/>\n\t\t\t\t\tDescartar alerta<br \/>\n\t\t\t\t<\/button><\/p>\n<h2>FASE 1: Planificaci\u00f3n y facilitaci\u00f3n del proceso desde la asamblea ciudadana.<\/h2>\n<h2>FASE 2: Evaluaci\u00f3n de la gesti\u00f3n y redacci\u00f3n del informe de la instituci\u00f3n. <\/h2>\n<p>\t\t\t\t\t\t\t\t\t\t\t\t<a href=\"\">Para Vista Previa de los documentos dale click aqu\u00ed<\/a><\/p>\n<p><a href=\"https:\/\/drive.google.com\/file\/d\/1n24GpqdvWuhqloRc6PmzZngGcHYae9RU\/view?usp=sharing\" target=\"_blank\" rel=\"noopener\">1.1.- CONVOCATORIA AL CONSEJO DE PLANIFICACI\u00d3N LOCAL PARA DAR PASO A LA PLANIFICACI\u00d3N DEL PROCESO DE RENDICI\u00d3N DE CUENTAS 2022<\/a><\/p>\n<p><a href=\"https:\/\/drive.google.com\/file\/d\/1Ba630zv-A8n6ime3nB4b9dakKVSLs5TO\/view?usp=sharing\" target=\"_blank\" rel=\"noopener\">1.2.- CONVOCATORIA AL SENO DEL GADPRRF PARA DAR PASO A LA PLANIFICACI\u00d3N DEL PROCESO DE RENDICI\u00d3N DE CUENTAS 2022<\/a><\/p>\n<p><a href=\"https:\/\/drive.google.com\/file\/d\/1le_d6D3oO1mgMRQul9KwMC7EeNuiCrHr\/view?usp=sharing\" target=\"_blank\" rel=\"noopener\">1.3.- ACTA DE SESI\u00d3N ORDINARIA DEL GAD PARROQUIAL Y LOS MIEMBROS DEL CONSEJO DE PLANIFICACI\u00d3N LOCAL PARA LA PLANIFICACI\u00d3N DE CONSULTA A LA CIUDADAN\u00cdA Y FACILITAR LA INFORMACI\u00d3N<\/a><\/p>\n<p><a href=\"https:\/\/drive.google.com\/file\/d\/1EIiovMid143I36wj9C9-GCgElb4nLgF0\/view?usp=sharing\" target=\"_blank\" rel=\"noopener\">1.4.- RESOLUCI\u00d3N APROBATORIA PARA LA CONFORMACI\u00d3N DEL EQUIPO PARITARIO MIXTO DE AUTORIDADES Y REPRESENTANTES DE LA SOCIEDAD<\/a><\/p>\n<p><a href=\"https:\/\/drive.google.com\/file\/d\/1pMcKdFgDqfJK16XMy9Bx7_73JAPULChg\/view?usp=sharing\" target=\"_blank\" rel=\"noopener\">1.5.- MATRIZ DE MAPEO DE ACTORES PARA CONSULTA A LA CIUDADAN\u00cdA<\/a><\/p>\n<p><a href=\"https:\/\/drive.google.com\/file\/d\/1Vq2OR4ffOed1_QagpNh5K4Rvdfw73R8j\/view?usp=sharing\" target=\"_blank\" rel=\"noopener\">1.6.- CONVOCATORIA A LA ASAMBLEA GENERAL PARA LA CONSULTA A LA CIUDADAN\u00cdA<\/a><\/p>\n<p><a href=\"https:\/\/drive.google.com\/file\/d\/1L5wz3A5tbdgkfu5nkH9YniYUuITw5Z5t\/view?usp=sharing\" target=\"_blank\" rel=\"noopener\">1.7.- ACTA DE ASAMBLEA GENERAL PARA CONSULTA A LA CIUDADAN\u00cdA<\/a><\/p>\n<p><a href=\"https:\/\/drive.google.com\/file\/d\/1zHxfFV8ZEY2tifVUMz286-I6FtcPVEay\/view?usp=sharing\" target=\"_blank\" rel=\"noopener\">1.8.- OFICIO Y MATRICES DE LEVANTAMIENTO DE PREGUNTAS EN LA CONSULTA A LA CIUDADAN\u00cdA<\/a><\/p>\n<p>\t\t\t\t\t\t\t\t\t\t\t\t<a href=\"\">Para Vista Previa de los documentos dale click aqu\u00ed<\/a><\/p>\n<p><a href=\"https:\/\/drive.google.com\/file\/d\/134RDDBMNEfRgmWzYM_AfkRcZJaPYmwxV\/view?usp=sharing\" target=\"_blank\" rel=\"noopener\">2.1.- RESOLUCI\u00d3N APROBATORIA DEL INFORME PRELIMINAR<\/a><\/p>\n<p><a href=\"https:\/\/drive.google.com\/file\/d\/1CnPl54ykd67uED63L07sQX7aWvD9OsM_\/view?usp=sharing\" target=\"_blank\" rel=\"noopener\">2.2.- OFICIOS Y ACTAS DE ENTREGA DEL INFORME PRELIMINAR A LA ASAMBLEA LOCAL DEL GADPR ROSA FLORIDA Y ACTORES SOCIALES DE LA PARROQUIA<\/a><\/p>\n<p><a href=\"https:\/\/drive.google.com\/file\/d\/1sGSODpE1DGqg8byNjWi1TuD0yJQ4sYd2\/view?usp=sharing\" target=\"_blank\" rel=\"noopener\">2.3.- INFORME PRELIMINAR DE RENDICI\u00d3N DE CUENTAS 2022<\/a><\/p>\n<p><a href=\"https:\/\/docs.google.com\/spreadsheets\/d\/1UGwgr-Vlzh9mo05qfD5Wd6PAoW_ykJxt\/edit?usp=sharing&amp;ouid=100161328468247311523&amp;rtpof=true&amp;sd=true\" target=\"_blank\" rel=\"noopener\">2.4.- FORMULARIO DEL INFORME DE RENDICI\u00d3N DE CUENTAS INSTITUCIONAL GAD ROSA FLORIDA EN EXCEL<\/a><\/p>\n<p><a href=\"https:\/\/docs.google.com\/spreadsheets\/d\/1x6qwUOq2Ps7dAzPxkaNQfaYBW-coDLhO\/edit?usp=sharing&amp;ouid=100161328468247311523&amp;rtpof=true&amp;sd=true\" target=\"_blank\" rel=\"noopener\">2.5.- FORMULARIO DEL INFORME DE RENDICI\u00d3N DE CUENTAS DE AUTORIDADES EN EXCEL RUANO YARPAZ ALICIA MARIBEL<\/a><\/p>\n<p><a href=\"https:\/\/docs.google.com\/spreadsheets\/d\/1OZ0uIwp0gTnwmBXIG6bOW5ZAgIqFSOcj\/edit?usp=sharing&amp;ouid=100161328468247311523&amp;rtpof=true&amp;sd=true\" target=\"_blank\" rel=\"noopener\">2.6.- FORMULARIO DEL INFORME DE RENDICI\u00d3N DE CUENTAS DE AUTORIDADES EN EXCEL YAPUD CASTRO JOAQUIN SALOMON<\/a><\/p>\n<p><a href=\"https:\/\/docs.google.com\/spreadsheets\/d\/1X3fHbCbSliFB2Kfcx_nmuQy2T03wFZ2S\/edit?usp=sharing&amp;ouid=100161328468247311523&amp;rtpof=true&amp;sd=true\" target=\"_blank\" rel=\"noopener\">2.7.- FORMULARIO DEL INFORME DE RENDICI\u00d3N DE CUENTAS DE AUTORIDADES EN EXCEL RAMIREZ RAMIREZ MARIANITA DE JESUS<\/a><\/p>\n<p><a href=\"https:\/\/docs.google.com\/spreadsheets\/d\/1nXcOtT6Ms6ipYQmFlifn2gFxpD7I61VL\/edit?usp=sharing&amp;ouid=100161328468247311523&amp;rtpof=true&amp;sd=true\" target=\"_blank\" rel=\"noopener\">2.8.- FORMULARIO DEL INFORME DE RENDICI\u00d3N DE CUENTAS DE AUTORIDADES EN EXCEL CALPA CUASQUER ABNER DANIEL<\/a><\/p>\n<p><a href=\"https:\/\/drive.google.com\/file\/d\/1jRYVX7PHShQk4u1y69jE0x-LijMdv7Lp\/view?usp=sharing\" target=\"_blank\" rel=\"noopener\">2.9.- FORMULARIO EN LINEA INSTITUCIONAL DEL CPCCS<\/a><\/p>\n<p><a href=\"https:\/\/drive.google.com\/file\/d\/1x0whvHtAK9pwsWImPrJl23_9HsPwgO8y\/view?usp=sharing\" target=\"_blank\" rel=\"noopener\">2.10.- FORMULARIO EN LINEA DE AUTORIDADES CPCCS YEPEZ CHASPUENGAL JUAN NARCISO<\/a><\/p>\n<p><a href=\"https:\/\/drive.google.com\/file\/d\/156-1cnK3lrk8xKzCWObe7sIDnCtG1uKW\/view?usp=sharing\" target=\"_blank\" rel=\"noopener\">2.11.- FORMULARIO EN LINEA DE AUTORIDADES CPCCS RUANO YARPAZ ALICIA MARIBEL<\/a><\/p>\n<p><a href=\"https:\/\/drive.google.com\/file\/d\/1TN3QNx9Dhard_sqEPo7hBtsTrRXh9CHr\/view?usp=sharing\" target=\"_blank\" rel=\"noopener\">2.12.- FORMULARIO EN LINEA DE AUTORIDADES CPCCS RAYO YEPEZ CARLOS OSWALDO<\/a><\/p>\n<p><a href=\"https:\/\/drive.google.com\/file\/d\/1oXKlnlCrkvfDNfqpN-oChbAA1MZ4PWXq\/view?usp=sharing\" target=\"_blank\" rel=\"noopener\">2.13.- FORMULARIO EN LINEA DE AUTORIDADES CPCCS\u00a0 YAPUD CASTRO JOAQUIN SALOMON<\/a><\/p>\n<p><a href=\"https:\/\/drive.google.com\/file\/d\/1cF19bQCGLtjHWKVA4ZLtT6kudzVsYvZ3\/view?usp=sharing\" target=\"_blank\" rel=\"noopener\">2.14.- FORMULARIO EN LINEA DE AUTORIDADES CPCCS RAMIREZ RAMIREZ MARIANITA DE JESUS<\/a><\/p>\n<p><a href=\"https:\/\/drive.google.com\/file\/d\/1ZcY_BEQPlnwvbh5IhKxWeEulVtjdIR02\/view?usp=sharing\" target=\"_blank\" rel=\"noopener\">2.15.- FORMULARIO EN LINEA DE AUTORIDADES CPCCS CALPA CUASQUER ABNER DANIEL<\/a><\/p>\n<p><a href=\"https:\/\/drive.google.com\/file\/d\/1X2uuVzAmTuXSkqAcOXuWdhMzVqT_uLoi\/view?usp=sharing\" target=\"_blank\" rel=\"noopener\">2.16.- FORMULARIO EN LINEA DE AUTORIDADES CPCCS FIN DE GESTI\u00d3N YEPEZ CHASPUENGAL JUAN NARCISO<\/a><\/p>\n<p><a href=\"https:\/\/drive.google.com\/file\/d\/1Lp82jFUvyFmnF1-oJjx8W9K8FeIg53T1\/view?usp=sharing\" target=\"_blank\" rel=\"noopener\">2.17.- FORMULARIO EN LINEA DE AUTORIDADES CPCCS FIN DE GESTI\u00d3N RUANO YARPAZ ALICIA MARIBEL<\/a><\/p>\n<p><a href=\"https:\/\/drive.google.com\/file\/d\/1duzuMmgkX96GYvrGURq3jn_9sKHC8dV8\/view?usp=sharing\" target=\"_blank\" rel=\"noopener\">2.18.- FORMULARIO EN LINEA DE AUTORIDADES CPCCS FIN DE GESTI\u00d3N RAYO YEPEZ CARLOS OSWALDO<\/a><\/p>\n<p><a href=\"https:\/\/drive.google.com\/file\/d\/15RHgdghVov7y42Crgn0heyjj0Adubhaz\/view?usp=sharing\" target=\"_blank\" rel=\"noopener\">2.19.- FORMULARIO EN LINEA DE AUTORIDADES CPCCS\u00a0 FIN DE GESTI\u00d3N\u00a0 YAPUD CASTRO JOAQUIN SALOMON<\/a><\/p>\n<p><a href=\"https:\/\/drive.google.com\/file\/d\/1oLwsWRx88r-O2BkVCRsYspZ-xeRQp7XT\/view?usp=sharing\" target=\"_blank\" rel=\"noopener\">2.20.- FORMULARIO EN LINEA DE AUTORIDADES CPCCS FIN DE GESTI\u00d3N\u00a0 RAMIREZ RAMIREZ MARIANITA DE JESUS<\/a><\/p>\n<p><a href=\"https:\/\/drive.google.com\/file\/d\/1NSGe-8Lk-jbzSQws6T8N_u2QYbkVKOcv\/view?usp=sharing\" target=\"_blank\" rel=\"noopener\">2.21.- FORMULARIO EN LINEA DE AUTORIDADES CPCCS FIN DE GESTI\u00d3N CALPA CUASQUER ABNER DANIEL<\/a><\/p>\n<p><a href=\"https:\/\/drive.google.com\/file\/d\/1uG_MivnpR_W3z6fzDGkRCpZO_YifUfS0\/view?usp=sharing\" target=\"_blank\" rel=\"noopener\">2.22.- FORMULARIO EN LINEA DE AUTORIDADES CPCCS FIN DE GESTI\u00d3N CAMPA\u00d1A NARVAEZ JISELA XIMENA<\/a><\/p>\n<p>\t\t\tAVISO<br \/>\n\t\t\t\t\t\t\tPara Vista Previa de los documentos dale click en la imagen<br \/>\n\t\t\t\t\t\t\t\t\t\t<button type=\"button\"><br \/>\n\t\t\t\t\t&times;<br \/>\n\t\t\t\t\tDescartar alerta<br \/>\n\t\t\t\t<\/button><\/p>\n<h2>FASE 3:  Evaluaci\u00f3n ciudadana del informe institucional.<\/h2>\n<h2>FASE 4:<br \/>\nIncorporaci\u00f3n de la opini\u00f3n ciudadana, Retroalimentaci\u00f3n y Seguimiento<\/h2>\n<p>\t\t\t\t\t\t\t\t\t\t\t\t<a href=\"\">Para Vista Previa de los documentos dale click aqu\u00ed<\/a><\/p>\n<p><a href=\"https:\/\/drive.google.com\/file\/d\/1DZqdIhrTDilDeq77MVvB8V5r_4rcqhl-\/view?usp=sharing\" target=\"_blank\" rel=\"noopener\">3.1.- RESOLUCI\u00d3N APROBATORIA DEL INFORME PRELIMINAR POR PARTE DEL CONSEJO DE PLANIFICACI\u00d3N Y LA ASAMBLEA LOCAL DEL GADPRRF\u00a0<\/a><\/p>\n<p><a href=\"https:\/\/drive.google.com\/file\/d\/1vtfP1B9PWrY1nIMySmRfCOcpOgJkFvtn\/view?usp=sharing\" target=\"_blank\" rel=\"noopener\">3.2.- INVITACIONES A LA CIUDADAN\u00cdA EN GENERAL PARA\u00a0 A LA DELIBERACI\u00d3N PUBLICA DEL INFORME DE RENDICI\u00d3N DE CUENTAS 2022<\/a><\/p>\n<p><a href=\"https:\/\/drive.google.com\/file\/d\/1-QY9VbzwRstkb4aZz0eJ7FdMXCqSoBSv\/view?usp=sharing\" target=\"_blank\" rel=\"noopener\">3.3.- INVITACIONES A LOS ACTORES SOCIALES DE LA PARROQUIA PARA LA DELIBERACI\u00d3N PUBLICA DEL INFORME DE RENDICI\u00d3N DE CUENTAS 2022<\/a><\/p>\n<p><a href=\"https:\/\/drive.google.com\/file\/d\/1OzqEjHXVNukb_uWWniXn7RxRR36NI1hT\/view?usp=sharing\" target=\"_blank\" rel=\"noopener\">3.4.- CONVOCATORIA A LAS AUTORIDADES DEL GADPRRF PARA LA DELIBERACI\u00d3N PUBLICA DEL INFORME DE RENDICI\u00d3N DE CUENTAS 2022<\/a><\/p>\n<p><a href=\"https:\/\/drive.google.com\/file\/d\/1vcbC11a5TIFrOC46YY3w_SSC63SSUDAF\/view?usp=sharing\" target=\"_blank\" rel=\"noopener\">3.5.- REGISTRO DE ASISTENCIA DE LA CIUDADAN\u00cdA EN GENERAL\u00a0 PARA EL EVENTO DE RENDICI\u00d3N DE CUENTAS 2022<\/a><\/p>\n<p><a href=\"https:\/\/docs.google.com\/presentation\/d\/1GQfUNAR3RR8APN3F_K32xNWu8jypi6XD\/edit?usp=sharing&amp;ouid=100161328468247311523&amp;rtpof=true&amp;sd=true\" target=\"_blank\" rel=\"noopener\">3.6.- INFORME DE RENDICI\u00d3N DE CUENTAS 2022 INSTITUCIONAL PARA EXPOSICI\u00d3N CON LA CIUDADAN\u00cdA<\/a><\/p>\n<p><a href=\"https:\/\/docs.google.com\/presentation\/d\/1464u1tiPN1pBCHIvPQ-KYtjNi6lmaPMO\/edit?usp=sharing&amp;ouid=100161328468247311523&amp;rtpof=true&amp;sd=true\" target=\"_blank\" rel=\"noopener\">3.7.- INFORME DE RENDICI\u00d3N DE CUENTAS 2022 DE LA SE\u00d1ORA RUANO YARPAZ ALICIA MARIBEL PARA EXPOSICI\u00d3N CON LA CIUDADAN\u00cdA<\/a><\/p>\n<p><a href=\"https:\/\/docs.google.com\/presentation\/d\/1nZCdW3qIqz020oZr0_nDUXt81v4-4z-c\/edit?usp=sharing&amp;ouid=100161328468247311523&amp;rtpof=true&amp;sd=true\" target=\"_blank\" rel=\"noopener\">3.8.- INFORME DE RENDICI\u00d3N DE CUENTAS 2022 DE LA SE\u00d1ORA RAMIREZ RAMIREZ MARIANITA DE JESUS PARA EXPOSICI\u00d3N CON LA CIUDADAN\u00cdA<\/a><\/p>\n<p><a href=\"https:\/\/docs.google.com\/presentation\/d\/1Qk0GOFjSo8hj1b8NDa47OnfFh_zOz41g\/edit?usp=sharing&amp;ouid=100161328468247311523&amp;rtpof=true&amp;sd=true\" target=\"_blank\" rel=\"noopener\">3.9.- INFORME DE RENDICI\u00d3N DE CUENTAS 2022 DE LA SE\u00d1ORA CAMPA\u00d1A NARVAEZ JISELA XIMENA PARA EXPOSICI\u00d3N CON LA CIUDADAN\u00cdA<\/a><\/p>\n<p><a href=\"https:\/\/drive.google.com\/file\/d\/1bHGQbsZG-hdlLaK5cF-PhNEbLnsavEEA\/view?usp=sharing\" target=\"_blank\" rel=\"noopener\">3.10.- SUGERENCIAS Y RECOMENDACIONES DE LA CIUDADAN\u00cdA<\/a><\/p>\n<p>\t\t\t\t\t\t\t\t\t\t\t\t<a href=\"\">Para Vista Previa de los documentos dale click aqu\u00ed<\/a><\/p>\n<p><a href=\"https:\/\/drive.google.com\/file\/d\/1shVJLVOSA600wVNSSNzgLl8wER4V-p-G\/view?usp=sharing\" target=\"_blank\" rel=\"noopener\">4.1.- PLAN DE TRABAJO<\/a><\/p>\n","protected":false},"excerpt":{"rendered":"<p>AVISO Para Vista Previa de los documentos dale click en la imagen &times; Descartar alerta FASE 1: Planificaci\u00f3n y facilitaci\u00f3n del proceso desde la asamblea ciudadana. FASE 2: Evaluaci\u00f3n de la gesti\u00f3n y redacci\u00f3n del informe de la instituci\u00f3n. Para Vista Previa de los documentos dale click aqu\u00ed 1.1.- CONVOCATORIA AL CONSEJO DE PLANIFICACI\u00d3N LOCAL [&hellip;]<\/p>\n","protected":false},"author":4,"featured_media":0,"parent":0,"menu_order":0,"comment_status":"closed","ping_status":"closed","template":"","meta":{"footnotes":""},"yst_prominent_words":[],"class_list":["post-3817","page","type-page","status-publish","hentry","post"],"_links":{"self":[{"href":"https:\/\/gadrosaflorida.gob.ec\/sucumbios\/wp-json\/wp\/v2\/pages\/3817","targetHints":{"allow":["GET"]}}],"collection":[{"href":"https:\/\/gadrosaflorida.gob.ec\/sucumbios\/wp-json\/wp\/v2\/pages"}],"about":[{"href":"https:\/\/gadrosaflorida.gob.ec\/sucumbios\/wp-json\/wp\/v2\/types\/page"}],"author":[{"embeddable":true,"href":"https:\/\/gadrosaflorida.gob.ec\/sucumbios\/wp-json\/wp\/v2\/users\/4"}],"replies":[{"embeddable":true,"href":"https:\/\/gadrosaflorida.gob.ec\/sucumbios\/wp-json\/wp\/v2\/comments?post=3817"}],"version-history":[{"count":31,"href":"https:\/\/gadrosaflorida.gob.ec\/sucumbios\/wp-json\/wp\/v2\/pages\/3817\/revisions"}],"predecessor-version":[{"id":121684,"href":"https:\/\/gadrosaflorida.gob.ec\/sucumbios\/wp-json\/wp\/v2\/pages\/3817\/revisions\/121684"}],"wp:attachment":[{"href":"https:\/\/gadrosaflorida.gob.ec\/sucumbios\/wp-json\/wp\/v2\/media?parent=3817"}],"wp:term":[{"taxonomy":"yst_prominent_words","embeddable":true,"href":"https:\/\/gadrosaflorida.gob.ec\/sucumbios\/wp-json\/wp\/v2\/yst_prominent_words?post=3817"}],"curies":[{"name":"wp","href":"https:\/\/api.w.org\/{rel}","templated":true}]}}