{"id":3060,"date":"2021-02-25T07:11:44","date_gmt":"2021-02-25T11:11:44","guid":{"rendered":"https:\/\/gadrosaflorida.gob.ec\/sucumbios\/?page_id=3060"},"modified":"2022-06-01T10:01:37","modified_gmt":"2022-06-01T14:01:37","slug":"rendicion-de-cuentas-2021","status":"publish","type":"page","link":"https:\/\/gadrosaflorida.gob.ec\/sucumbios\/rendicion-de-cuentas-2021\/","title":{"rendered":"Rendici\u00f3n de Cuentas 2021"},"content":{"rendered":"<p><img decoding=\"async\" width=\"768\" height=\"416\" src=\"https:\/\/gadrosaflorida.gob.ec\/sucumbios\/wp-content\/uploads\/2022\/03\/C-Mt568XkAA2SFb-768x416-1.jpg\" alt=\"\" loading=\"lazy\" srcset=\"https:\/\/gadrosaflorida.gob.ec\/sucumbios\/wp-content\/uploads\/2022\/03\/C-Mt568XkAA2SFb-768x416-1.jpg 768w, https:\/\/gadrosaflorida.gob.ec\/sucumbios\/wp-content\/uploads\/2022\/03\/C-Mt568XkAA2SFb-768x416-1-550x298.jpg 550w\" sizes=\"auto, (max-width: 768px) 100vw, 768px\" \/><br \/>\n\t\t\tAVISO<br \/>\n\t\t\t\t\t\t\tPara Vista Previa de los documentos dale click en la imagen<br \/>\n\t\t\t\t\t\t\t\t\t\t<button type=\"button\"><br \/>\n\t\t\t\t\t&times;<br \/>\n\t\t\t\t\tDescartar alerta<br \/>\n\t\t\t\t<\/button><\/p>\n<h2>FASE 1: Planificaci\u00f3n y facilitaci\u00f3n del proceso desde la asamblea ciudadana.<\/h2>\n<h2>FASE 2: Evaluaci\u00f3n de la gesti\u00f3n y redacci\u00f3n del informe de la instituci\u00f3n. <\/h2>\n<p>\t\t\t\t\t\t\t\t\t\t\t\t<a href=\"\">1.1.- CONVOCATORIA AL CONSEJO DE PLANIFICACI\u00d3N LOCAL PARA DAR PASO A LA PLANIFICACI\u00d3N DEL PROCESO DE RENDICI\u00d3N DE CUENTAS 2021 <\/a><\/p>\n<p><a href=\"https:\/\/drive.google.com\/file\/d\/1rO2XgSq4yUgT-7b9BPE_zj734y5Xlds-\/view?usp=sharing\" target=\"_blank\" rel=\"https:\/\/drive.google.com\/file\/d\/1rO2XgSq4yUgT-7b9BPE_zj734y5Xlds-\/view?usp=sharing noopener\"><img loading=\"lazy\" decoding=\"async\" src=\"https:\/\/gadrosaflorida.gob.ec\/sucumbios\/wp-content\/uploads\/2022\/03\/CONVOCATORIA-CONSEJO-DE-PLANIFICACION-21-01-2022_001.png\" alt=\"\" width=\"595\" height=\"842\" \/><\/a><\/p>\n<p>\t\t\t\t\t\t\t\t\t\t\t\t<a href=\"\">1.2.- ACTA DE SESI\u00d3N ORDINARIA DEL GAD PARROQUIAL Y LOS MIEMBROS DEL CONSEJO DE PLANIFICACION LOCAL  PARA LA PLANIFICACION DE CONSULTA A LA CIUDADAN\u00cdA Y FACILITACION DE LA INFORMACI\u00d3N   <\/a><\/p>\n<p><a href=\"https:\/\/drive.google.com\/file\/d\/17S6cAeeTtx69ozN2KQK3RvTkZb8Ih76J\/view?usp=sharing\" target=\"_blank\" rel=\"https:\/\/drive.google.com\/file\/d\/17S6cAeeTtx69ozN2KQK3RvTkZb8Ih76J\/view?usp=sharing noopener\"><img loading=\"lazy\" decoding=\"async\" src=\"https:\/\/gadrosaflorida.gob.ec\/sucumbios\/wp-content\/uploads\/2022\/03\/ACTA-ORDINARIA-N\u00b0-002-2022_001.png\" alt=\"\" width=\"595\" height=\"842\" \/><\/a><\/p>\n<p>\t\t\t\t\t\t\t\t\t\t\t\t<a href=\"\">1.3.- MATRIZ DE MAPEO DE ACTORES PARA CONSULTA A LA CIUDADAN\u00cdA<\/a><\/p>\n<p><a href=\"https:\/\/drive.google.com\/file\/d\/19qqGz5EGiitG7PIDplQ3htQvqZdw43p6\/view?usp=sharing\" target=\"_blank\" rel=\"https:\/\/drive.google.com\/file\/d\/19qqGz5EGiitG7PIDplQ3htQvqZdw43p6\/view?usp=sharing noopener\"><img loading=\"lazy\" decoding=\"async\" src=\"https:\/\/gadrosaflorida.gob.ec\/sucumbios\/wp-content\/uploads\/2022\/03\/MAPEO-DE-ACTORES_001.png\" alt=\"\" width=\"842\" height=\"595\" \/><\/a><\/p>\n<p>\t\t\t\t\t\t\t\t\t\t\t\t<a href=\"\">1.4.- CONVOCATORIA A LA ASAMBLEA GENERAL PARA LA CONSULTA A LA CIUDADAN\u00cdA<\/a><\/p>\n<p><a href=\"https:\/\/drive.google.com\/file\/d\/15TznWIseyyHYwkVdVxrJmqxVyv8FAQWc\/view?usp=sharing\" target=\"_blank\" rel=\"https:\/\/drive.google.com\/file\/d\/15TznWIseyyHYwkVdVxrJmqxVyv8FAQWc\/view?usp=sharing noopener\"><img loading=\"lazy\" decoding=\"async\" src=\"https:\/\/gadrosaflorida.gob.ec\/sucumbios\/wp-content\/uploads\/2022\/03\/INVITACION-PARA-LA-CONSULTA-A-LA-CIUDADANIA-09-DE-ABRIL-DEL-2021_001.png\" alt=\"\" width=\"595\" height=\"842\" \/><\/a><\/p>\n<p>\t\t\t\t\t\t\t\t\t\t\t\t<a href=\"\">1.5.- ACTA DE ASAMBLEA GENERAL PARA CONSULTA A LA CIUDADAN\u00cdA<\/a><\/p>\n<p><a href=\"https:\/\/drive.google.com\/file\/d\/1ohRuqWhNzXr_XUOICWBlfC-x3sxATlLV\/view?usp=sharing\" target=\"_blank\" rel=\"https:\/\/drive.google.com\/file\/d\/1ohRuqWhNzXr_XUOICWBlfC-x3sxATlLV\/view?usp=sharing noopener\"><img loading=\"lazy\" decoding=\"async\" src=\"https:\/\/gadrosaflorida.gob.ec\/sucumbios\/wp-content\/uploads\/2022\/03\/ACTA-DE-LA-REUNION-PARA-LA-CONSULTA-A-LA-CIUDADNIA_001.png\" alt=\"\" width=\"595\" height=\"842\" \/><\/a><\/p>\n<p>\t\t\t\t\t\t\t\t\t\t\t\t<a href=\"\">1.6.- OFICIO DE ENTREGA DE LA MATRIZ DE LEVANTAMIENTO DE CONSULTA A LA CIUDADAN\u00cdA<\/a><\/p>\n<p><a href=\"https:\/\/drive.google.com\/file\/d\/1WwY7ZqSUSLQXJuqbFT5Lm_kSH3o5SBSh\/view?usp=sharing\" target=\"_blank\" rel=\"https:\/\/drive.google.com\/file\/d\/1WwY7ZqSUSLQXJuqbFT5Lm_kSH3o5SBSh\/view?usp=sharing noopener\"><img loading=\"lazy\" decoding=\"async\" src=\"https:\/\/gadrosaflorida.gob.ec\/sucumbios\/wp-content\/uploads\/2022\/03\/OFICIO-DE-ENTRAG-DE-INFORMACION-DE-CONSULTA-A-LA-CIUDADANIA_001.png\" alt=\"\" width=\"595\" height=\"842\" \/><\/a><\/p>\n<p>\t\t\t\t\t\t\t\t\t\t\t\t<a href=\"\">1.7.- MATRICES DE LEVANTAMIENTO DE PREGUNTAS EN LA ASAMBLEA DE CONSULTA CIUDADANA<\/a><\/p>\n<p><a href=\"https:\/\/drive.google.com\/file\/d\/1ibkGrHXHTsbpflIeejMQG3pnfPxNHh_Q\/view?usp=sharing\" target=\"_blank\" rel=\"https:\/\/drive.google.com\/file\/d\/1ibkGrHXHTsbpflIeejMQG3pnfPxNHh_Q\/view?usp=sharing noopener\"><img loading=\"lazy\" decoding=\"async\" src=\"https:\/\/gadrosaflorida.gob.ec\/sucumbios\/wp-content\/uploads\/2022\/03\/MATRIZES-DE-LEVANTAMIENTO-DE-CONSULTA-A-LA-CIUDADANIA-LLENADAS_001.png\" alt=\"\" width=\"842\" height=\"595\" \/><\/a><\/p>\n<p>\t\t\t\t\t\t\t\t\t\t\t\t<a href=\"\">2.1.- RESOLUCI\u00d3N DE APROBACI\u00d3N DEL INFORME PRELIMINAR<\/a><\/p>\n<p><a href=\"https:\/\/drive.google.com\/file\/d\/1rrdYHlnRI8v-GtimECGlWNas80eKulRk\/view?usp=sharing\" target=\"_blank\" rel=\"https:\/\/drive.google.com\/file\/d\/1rrdYHlnRI8v-GtimECGlWNas80eKulRk\/view?usp=sharing noopener\"><img loading=\"lazy\" decoding=\"async\" src=\"https:\/\/gadrosaflorida.gob.ec\/sucumbios\/wp-content\/uploads\/2022\/05\/RESOLUCION-N\u00b0-036-05-04-2022-APROBACION-DEL-INFORME-PRELIMINAR-DE-RENDICION-DE-CUENTAS-2021_001.jpg\" alt=\"\" width=\"4958\" height=\"7016\" \/><\/a><\/p>\n<p>\t\t\t\t\t\t\t\t\t\t\t\t<a href=\"\">2.2.- OFICIO DE ENTREGA A DE INFORME PRELIMINAR A LA ASAMBLEA LOCAL DEL GADPR ROSA FLORIDA<\/a><\/p>\n<p><a href=\"https:\/\/drive.google.com\/file\/d\/1-tkz5ut3zA4JQNf-iJxg0rIvxRTEMudX\/view?usp=sharing\" target=\"_blank\" rel=\"https:\/\/drive.google.com\/file\/d\/1-tkz5ut3zA4JQNf-iJxg0rIvxRTEMudX\/view?usp=sharing noopener\"><img loading=\"lazy\" decoding=\"async\" src=\"https:\/\/gadrosaflorida.gob.ec\/sucumbios\/wp-content\/uploads\/2022\/05\/OFICIO-DE-ENTREGA-DE-INFORME-PRELIMINAR-2_001.jpg\" alt=\"\" width=\"4958\" height=\"7016\" \/><\/a><\/p>\n<p>\t\t\t\t\t\t\t\t\t\t\t\t<a href=\"\">2.3.- INFORME PRELIMINAR DE RENDICI\u00d3N DE CUENTAS 2021<\/a><\/p>\n<p><a href=\"https:\/\/drive.google.com\/file\/d\/1OI2ZcVKx9NcLNlA23gwkVAd3Qcap7Wqd\/view?usp=sharing\" target=\"_blank\" rel=\"https:\/\/drive.google.com\/file\/d\/1OI2ZcVKx9NcLNlA23gwkVAd3Qcap7Wqd\/view?usp=sharing noopener\"><img loading=\"lazy\" decoding=\"async\" src=\"https:\/\/gadrosaflorida.gob.ec\/sucumbios\/wp-content\/uploads\/2022\/05\/INFORME-DE-RESPUESTAS-A-LA-CONSULTA-CIUDADANA_001.jpg\" alt=\"\" width=\"4958\" height=\"7016\" \/><\/a><\/p>\n<p>\t\t\t\t\t\t\t\t\t\t\t\t<a href=\"\">2.4.- FORMULARIO DEL INFORME DE RENDICION DE CUENTAS INSTITUCIONAL GAD ROSA FLORIDA EN EXCEL<\/a><\/p>\n<p><a href=\"https:\/\/docs.google.com\/spreadsheets\/d\/10O-zIksspDCtWPusu4Oy-SW4qi9Lx_AI\/edit?usp=sharing&amp;ouid=100161328468247311523&amp;rtpof=true&amp;sd=true\" target=\"_blank\" rel=\"https:\/\/docs.google.com\/spreadsheets\/d\/10O-zIksspDCtWPusu4Oy-SW4qi9Lx_AI\/edit?usp=sharing&amp;ouid=100161328468247311523&amp;rtpof=true&amp;sd=true noopener\"><img loading=\"lazy\" decoding=\"async\" src=\"https:\/\/gadrosaflorida.gob.ec\/sucumbios\/wp-content\/uploads\/2022\/05\/FORMULARIO-INSTITUCIONAL-GAPR-ROSA-FLORIDA-2021-EN-EXCEL_001.jpg\" alt=\"\" width=\"7016\" height=\"4958\" \/><\/a><\/p>\n<p>\t\t\t\t\t\t\t\t\t\t\t\t<a href=\"\">2.5.- FORMULARIO DEL INFORME DE RENDICION DE CUENTAS INSTITUCIONAL GAD ROSA FLORIDA EN EXCEL<\/a><\/p>\n<p><a href=\"https:\/\/docs.google.com\/spreadsheets\/d\/10O-zIksspDCtWPusu4Oy-SW4qi9Lx_AI\/edit?usp=sharing&amp;ouid=100161328468247311523&amp;rtpof=true&amp;sd=true\" target=\"_blank\" rel=\"https:\/\/docs.google.com\/spreadsheets\/d\/10O-zIksspDCtWPusu4Oy-SW4qi9Lx_AI\/edit?usp=sharing&amp;ouid=100161328468247311523&amp;rtpof=true&amp;sd=true noopener\"><img loading=\"lazy\" decoding=\"async\" src=\"https:\/\/gadrosaflorida.gob.ec\/sucumbios\/wp-content\/uploads\/2022\/05\/FORMULARIO-INSTITUCIONAL-GAPR-ROSA-FLORIDA-2021-EN-EXCEL_001.jpg\" alt=\"\" width=\"7016\" height=\"4958\" \/><\/a><\/p>\n<p>\t\t\t\t\t\t\t\t\t\t\t\t<a href=\"\">2.6.- FORMULARIO DEL INFORME DE RENDICION DE CUENTAS DE AUTORIDADES YEPEZ CHASPUENGAL JUAN NARCISO EN EXCEL<\/a><\/p>\n<p><a href=\"https:\/\/docs.google.com\/spreadsheets\/d\/1LRewAz4RrP6wjI6WPnHcowT-ajxK1UqV\/edit?usp=sharing&amp;ouid=100161328468247311523&amp;rtpof=true&amp;sd=true\" target=\"_blank\" rel=\"https:\/\/docs.google.com\/spreadsheets\/d\/1LRewAz4RrP6wjI6WPnHcowT-ajxK1UqV\/edit?usp=sharing&amp;ouid=100161328468247311523&amp;rtpof=true&amp;sd=true noopener\"><img loading=\"lazy\" decoding=\"async\" src=\"https:\/\/gadrosaflorida.gob.ec\/sucumbios\/wp-content\/uploads\/2022\/05\/FORMULARIO-AUTORIDADES-YEPEZ-CHASPUENGAL-JUAN-NARCISO-EN-EXCEL_001.jpg\" alt=\"\" width=\"7016\" height=\"4958\" \/><\/a><\/p>\n<p>\t\t\t\t\t\t\t\t\t\t\t\t<a href=\"\">2.7.- FORMULARIO DEL INFORME DE RENDICI\u00d3N DE CUENTAS DE AUTORIDADES YAPUD CASTRO JOAQUIN SALOMON EN EXCEL<\/a><\/p>\n<p><a href=\"https:\/\/docs.google.com\/spreadsheets\/d\/18kONDdBOZZTLBlsLLKXaLgLYgQOFElUR\/edit?usp=sharing&amp;ouid=100161328468247311523&amp;rtpof=true&amp;sd=true\" target=\"_blank\" rel=\"https:\/\/docs.google.com\/spreadsheets\/d\/18kONDdBOZZTLBlsLLKXaLgLYgQOFElUR\/edit?usp=sharing&amp;ouid=100161328468247311523&amp;rtpof=true&amp;sd=true noopener\"><img loading=\"lazy\" decoding=\"async\" src=\"https:\/\/gadrosaflorida.gob.ec\/sucumbios\/wp-content\/uploads\/2022\/05\/FORMULARIO-AUTORIDADES-YAPUD-CASTRO-JOAQUIN-SALOMON-EN-EXCEL_001.jpg\" alt=\"\" width=\"7016\" height=\"4958\" \/><\/a><\/p>\n<p>\t\t\t\t\t\t\t\t\t\t\t\t<a href=\"\">2.8.- FORMULARIO DEL INFORME DE RENDICI\u00d3N DE CUENTAS DE AUTORIDADES CALPA CUASQUER ABNER DANIEL EN EXCEL<\/a><\/p>\n<p><a href=\"https:\/\/docs.google.com\/spreadsheets\/d\/15rhIxtMOrBCTYbbbj7JfFpbIVfdM9B3J\/edit?usp=sharing&amp;ouid=100161328468247311523&amp;rtpof=true&amp;sd=true\" target=\"_blank\" rel=\"https:\/\/docs.google.com\/spreadsheets\/d\/15rhIxtMOrBCTYbbbj7JfFpbIVfdM9B3J\/edit?usp=sharing&amp;ouid=100161328468247311523&amp;rtpof=true&amp;sd=true noopener\"><img loading=\"lazy\" decoding=\"async\" src=\"https:\/\/gadrosaflorida.gob.ec\/sucumbios\/wp-content\/uploads\/2022\/05\/FORMULARIO-AUTORIDADES-CALPA-CUASQUER-ABNER-DANIEL-EN-EXCEL_001.jpg\" alt=\"\" width=\"7016\" height=\"4958\" \/><\/a><\/p>\n<p>\t\t\t\t\t\t\t\t\t\t\t\t<a href=\"\">2.9.- FORMULARIO INSTITUCIONAL DEL CPCCS GAD ROSA FLORIDA<\/a><\/p>\n<p><a href=\"https:\/\/drive.google.com\/file\/d\/1NZpA2bDZ57z_2hAx4-Jy9AegJHZokAKD\/view?usp=sharing\" target=\"_blank\" rel=\"https:\/\/drive.google.com\/file\/d\/1NZpA2bDZ57z_2hAx4-Jy9AegJHZokAKD\/view?usp=sharing noopener\"><img loading=\"lazy\" decoding=\"async\" src=\"https:\/\/gadrosaflorida.gob.ec\/sucumbios\/wp-content\/uploads\/2022\/05\/FORMULARIO-EN-LINEA-DEL-CPCCS-INSTITUCIONAL-GADPR-ROSA-FLORIDA-2021_001.jpg\" alt=\"\" width=\"5100\" height=\"6600\" \/><\/a><\/p>\n<p>\t\t\t\t\t\t\t\t\t\t\t\t<a href=\"\">2.10.- FORMULARIO EN LINEA DE AUTORIDADES RAYO HIRUA FREDDY EDILBERTO<\/a><\/p>\n<p><a href=\"https:\/\/drive.google.com\/file\/d\/1CAexs6VsRY3nBmelhcGXzRHlQvAkr3pw\/view?usp=sharing\" target=\"_blank\" rel=\"https:\/\/drive.google.com\/file\/d\/1CAexs6VsRY3nBmelhcGXzRHlQvAkr3pw\/view?usp=sharing noopener\"><img loading=\"lazy\" decoding=\"async\" src=\"https:\/\/gadrosaflorida.gob.ec\/sucumbios\/wp-content\/uploads\/2022\/06\/FORMULARIO-EN-LINEA-DEL-CPCCS-AUTORIDADES-RAYO-HIRUA-FREDDY-EDILBERTO_001.jpg\" alt=\"\" width=\"4958\" height=\"7016\" \/><\/a><\/p>\n<p>\t\t\t\t\t\t\t\t\t\t\t\t<a href=\"\">2.11.- FORMULARIO EN LINEA DE AUTORIDADES CPCCS YEPEZ CHASPUENGAL JUAN NARCISO<\/a><\/p>\n<p><a href=\"https:\/\/drive.google.com\/file\/d\/1fbcTvThUEjTPnJ4qIXD0zQL1KyiIQaIz\/view?usp=sharing\" target=\"_blank\" rel=\"https:\/\/drive.google.com\/file\/d\/1fbcTvThUEjTPnJ4qIXD0zQL1KyiIQaIz\/view?usp=sharing noopener\"><img loading=\"lazy\" decoding=\"async\" src=\"https:\/\/gadrosaflorida.gob.ec\/sucumbios\/wp-content\/uploads\/2022\/05\/FORMULARIO-EN-LINEA-DEL-CPCCS-AUTORIDADES-YEPEZ-CHASPUENGAL-JUAN-NARCISO_001.jpg\" alt=\"\" width=\"4958\" height=\"7016\" \/><\/a><\/p>\n<p>\t\t\t\t\t\t\t\t\t\t\t\t<a href=\"\">2.12.- FORMULARIO EN LINEA DE AUTORIDADES CPCCS RAYO YEPEZ CARLOS OSWALDO<\/a><\/p>\n<p><a href=\"https:\/\/drive.google.com\/file\/d\/1Uw3v9va4EeKEtn4v9zXZIjX0PoP9Kxa1\/view?usp=sharing\" target=\"_blank\" rel=\"https:\/\/drive.google.com\/file\/d\/1Uw3v9va4EeKEtn4v9zXZIjX0PoP9Kxa1\/view?usp=sharing noopener\"><img loading=\"lazy\" decoding=\"async\" src=\"https:\/\/gadrosaflorida.gob.ec\/sucumbios\/wp-content\/uploads\/2022\/05\/FORMULARIO-EN-LINEA-DEL-CPCCS-AUTORIDADES-RAYO-YEPEZ-CARLOS-OSWALDO_001.jpg\" alt=\"\" width=\"4958\" height=\"7016\" \/><\/a><\/p>\n<p>\t\t\t\t\t\t\t\t\t\t\t\t<a href=\"\">2.13.- FORMULARIO EN LINEA DE AUTORIDADES CPCCS YAPUD CASTRO JOAQUIN SALOMON<\/a><\/p>\n<p><a href=\"https:\/\/drive.google.com\/file\/d\/1Se9BCuqeffY0zf5XkWZUZu6HS2lkqhfA\/view?usp=sharing\" target=\"_blank\" rel=\"https:\/\/drive.google.com\/file\/d\/1Se9BCuqeffY0zf5XkWZUZu6HS2lkqhfA\/view?usp=sharing noopener\"><img loading=\"lazy\" decoding=\"async\" src=\"https:\/\/gadrosaflorida.gob.ec\/sucumbios\/wp-content\/uploads\/2022\/05\/FORMULARIO-EN-LINEA-DEL-CPCCS-AUTORIDADES-YAPUD-CASTRO-JOAQUIN-SALOMON_001.jpg\" alt=\"\" width=\"4958\" height=\"7016\" \/><\/a><\/p>\n<p>\t\t\t\t\t\t\t\t\t\t\t\t<a href=\"\">2.14.- FORMULARIO EN LINEA DE AUTORIDADES CPCCS CALPA CUASQUER ABNER DANIEL<\/a><\/p>\n<p><a href=\"https:\/\/drive.google.com\/file\/d\/11QpK2Xs2BBBj_slzDg59Jp9Mp_Re6owW\/view?usp=sharing\" target=\"_blank\" rel=\"https:\/\/drive.google.com\/file\/d\/11QpK2Xs2BBBj_slzDg59Jp9Mp_Re6owW\/view?usp=sharing noopener\"><img loading=\"lazy\" decoding=\"async\" src=\"https:\/\/gadrosaflorida.gob.ec\/sucumbios\/wp-content\/uploads\/2022\/05\/FORMULARIO-EN-LINEA-DEL-CPCCS-AUTORIDADES-CALPA-CUASQUER-ABNER-DANIEL_001.jpg\" alt=\"\" width=\"4958\" height=\"7016\" \/><\/a><\/p>\n<p>\t\t\tAVISO<br \/>\n\t\t\t\t\t\t\tPara Vista Previa de los documentos dale click en la imagen<br \/>\n\t\t\t\t\t\t\t\t\t\t<button type=\"button\"><br \/>\n\t\t\t\t\t&times;<br \/>\n\t\t\t\t\tDescartar alerta<br \/>\n\t\t\t\t<\/button><\/p>\n<h2>FASE 3:  Evaluaci\u00f3n ciudadana del informe institucional.<\/h2>\n<h2>FASE 4:<br \/>\nIncorporaci\u00f3n de la opini\u00f3n ciudadana, Retroalimentaci\u00f3n y Seguimiento<\/h2>\n<p>\t\t\t\t\t\t\t\t\t\t\t\t<a href=\"\">3.1.- CONVOCATORIA A LA DELIBERACION PUBLICA DEL INFORME DE RENDICI\u00d3N DE CUENTAS 2021<\/a><\/p>\n<p><a href=\"https:\/\/drive.google.com\/file\/d\/1wV765DdE9Gnn7tb-QLtbjlxaxwvp1Irh\/view?usp=sharing\" target=\"_blank\" rel=\"https:\/\/drive.google.com\/file\/d\/1wV765DdE9Gnn7tb-QLtbjlxaxwvp1Irh\/view?usp=sharing noopener\"><img loading=\"lazy\" decoding=\"async\" src=\"https:\/\/gadrosaflorida.gob.ec\/sucumbios\/wp-content\/uploads\/2022\/05\/CONVOCATORIA-A-LA-RENDICION-DE-CUENTAS-DIRECTIVOS-Y-PRESIDENTES_001.jpg\" alt=\"\" width=\"4958\" height=\"7016\" \/><\/a><\/p>\n<p>\t\t\t\t\t\t\t\t\t\t\t\t<a href=\"\">3.2.- SUGERENCIAS Y RECOMENDACIONES DE LA CIUDADAN\u00cdA<\/a><\/p>\n<p><a href=\"https:\/\/drive.google.com\/file\/d\/1j-29wNtIA_CfnVxesBRCk5Vqi8Y3Gfrx\/view?usp=sharing\" target=\"_blank\" rel=\"https:\/\/drive.google.com\/file\/d\/1j-29wNtIA_CfnVxesBRCk5Vqi8Y3Gfrx\/view?usp=sharing noopener\"><img loading=\"lazy\" decoding=\"async\" src=\"https:\/\/gadrosaflorida.gob.ec\/sucumbios\/wp-content\/uploads\/2022\/05\/SUGERENCIAS-Y-RECOMENDACIONES-RENDICION-DE-CUENTAS-27-04-2022_001.jpg\" alt=\"\" width=\"4958\" height=\"7016\" \/><\/a><\/p>\n<p>\t\t\t\t\t\t\t\t\t\t\t\t<a href=\"\">3.3.- LISTADO DE ASISTENCIA A LA DELIBERACION PUBLICA DEL INFORME DE RENDICION DE CUENTAS PERIODO 2021<\/a><\/p>\n<p><a href=\"https:\/\/drive.google.com\/file\/d\/17XS-QopzvkU5zKAoYM-iPLOhCt6FjiEa\/view?usp=sharing\" target=\"_blank\" rel=\"https:\/\/drive.google.com\/file\/d\/17XS-QopzvkU5zKAoYM-iPLOhCt6FjiEa\/view?usp=sharing noopener\"><img loading=\"lazy\" decoding=\"async\" src=\"https:\/\/gadrosaflorida.gob.ec\/sucumbios\/wp-content\/uploads\/2022\/05\/ASISTENCIA-ARA-LA-RENDICION-DE-CUENTAS-27-04-2022_001.jpg\" alt=\"\" width=\"4958\" height=\"7016\" \/><\/a><\/p>\n<p>\t\t\t\t\t\t\t\t\t\t\t\t<a href=\"\">3.4.- INFORME DE RENDICI\u00d3N DE CUENTAS DE LA M\u00c1XIMA AUTORIDAD PARA EL PROCESO DE DELIBERACI\u00d3N PUBLICA<\/a><\/p>\n<p><a href=\"https:\/\/docs.google.com\/presentation\/d\/1iE3ydr1zOXSGrwfTmFuwDuj6J1BLac33\/edit?usp=sharing&amp;ouid=100161328468247311523&amp;rtpof=true&amp;sd=true\" target=\"_blank\" rel=\"https:\/\/docs.google.com\/presentation\/d\/1iE3ydr1zOXSGrwfTmFuwDuj6J1BLac33\/edit?usp=sharing&amp;ouid=100161328468247311523&amp;rtpof=true&amp;sd=true noopener\"><img loading=\"lazy\" decoding=\"async\" src=\"https:\/\/gadrosaflorida.gob.ec\/sucumbios\/wp-content\/uploads\/2022\/05\/INFORME-DE-RENDICION-DE-CUENTAS-GAD-ROSA-FLORIDA-2021_001.jpg\" alt=\"\" width=\"8000\" height=\"4500\" \/><\/a><\/p>\n<p>\t\t\t\t\t\t\t\t\t\t\t\t<a href=\"\">4.1.- PLA DE TRABAJO<\/a><\/p>\n<p><a href=\"https:\/\/drive.google.com\/file\/d\/1gt00YTHhCkudJFhREAvdN5EgNI2ul0Gm\/view?usp=sharing\" target=\"_blank\" rel=\"https:\/\/drive.google.com\/file\/d\/1gt00YTHhCkudJFhREAvdN5EgNI2ul0Gm\/view?usp=sharing noopener\"><img loading=\"lazy\" decoding=\"async\" src=\"https:\/\/gadrosaflorida.gob.ec\/sucumbios\/wp-content\/uploads\/2022\/05\/PLAN-DE-TRABAJO-ROSA-FLORIDA-eleciones-2019_001.jpg\" alt=\"\" width=\"4958\" height=\"7016\" \/><\/a><\/p>\n","protected":false},"excerpt":{"rendered":"<p>AVISO Para Vista Previa de los documentos dale click en la imagen &times; Descartar alerta FASE 1: Planificaci\u00f3n y facilitaci\u00f3n del proceso desde la asamblea ciudadana. FASE 2: Evaluaci\u00f3n de la gesti\u00f3n y redacci\u00f3n del informe de la instituci\u00f3n. 1.1.- CONVOCATORIA AL CONSEJO DE PLANIFICACI\u00d3N LOCAL PARA DAR PASO A LA PLANIFICACI\u00d3N DEL PROCESO DE [&hellip;]<\/p>\n","protected":false},"author":4,"featured_media":0,"parent":0,"menu_order":0,"comment_status":"closed","ping_status":"closed","template":"","meta":{"footnotes":""},"yst_prominent_words":[],"class_list":["post-3060","page","type-page","status-publish","hentry","post"],"_links":{"self":[{"href":"https:\/\/gadrosaflorida.gob.ec\/sucumbios\/wp-json\/wp\/v2\/pages\/3060","targetHints":{"allow":["GET"]}}],"collection":[{"href":"https:\/\/gadrosaflorida.gob.ec\/sucumbios\/wp-json\/wp\/v2\/pages"}],"about":[{"href":"https:\/\/gadrosaflorida.gob.ec\/sucumbios\/wp-json\/wp\/v2\/types\/page"}],"author":[{"embeddable":true,"href":"https:\/\/gadrosaflorida.gob.ec\/sucumbios\/wp-json\/wp\/v2\/users\/4"}],"replies":[{"embeddable":true,"href":"https:\/\/gadrosaflorida.gob.ec\/sucumbios\/wp-json\/wp\/v2\/comments?post=3060"}],"version-history":[{"count":43,"href":"https:\/\/gadrosaflorida.gob.ec\/sucumbios\/wp-json\/wp\/v2\/pages\/3060\/revisions"}],"predecessor-version":[{"id":120719,"href":"https:\/\/gadrosaflorida.gob.ec\/sucumbios\/wp-json\/wp\/v2\/pages\/3060\/revisions\/120719"}],"wp:attachment":[{"href":"https:\/\/gadrosaflorida.gob.ec\/sucumbios\/wp-json\/wp\/v2\/media?parent=3060"}],"wp:term":[{"taxonomy":"yst_prominent_words","embeddable":true,"href":"https:\/\/gadrosaflorida.gob.ec\/sucumbios\/wp-json\/wp\/v2\/yst_prominent_words?post=3060"}],"curies":[{"name":"wp","href":"https:\/\/api.w.org\/{rel}","templated":true}]}}