{"id":1440,"date":"2020-06-18T18:23:05","date_gmt":"2020-06-18T22:23:05","guid":{"rendered":"http:\/\/gadrosaflorida.gob.ec\/sucumbios\/?page_id=1440"},"modified":"2020-09-14T17:41:02","modified_gmt":"2020-09-14T21:41:02","slug":"sitios-turisticos","status":"publish","type":"page","link":"https:\/\/gadrosaflorida.gob.ec\/sucumbios\/sitios-turisticos\/","title":{"rendered":"Sitios Turisticos"},"content":{"rendered":"<div class=\"ose-youtube ose-uid-5676cf9aeaedf5d0e80e12f31ffcd551 ose-embedpress-responsive\" style=\"width:600px; height:550px; max-height:550px; max-width:100%; display:inline-block;\" data-embed-type=\"Youtube\"><iframe loading=\"lazy\" allowFullScreen=\"true\" title=\"TURISMO ROSA FLORIDA ORGANIZACI\u00d3N DE TURISMO RURAL Y COMUNITARIO &quot;SUE\u00d1O JUVENIL&quot;\" width=\"600\" height=\"550\" src=\"https:\/\/www.youtube.com\/embed\/MXrhFSBk2-0?feature=oembed&color=red&rel=0&controls=1&start=&end=&fs=0&iv_load_policy=0&autoplay=0&mute=0&modestbranding=0&cc_load_policy=1&playsinline=1\" frameborder=\"0\" allow=\"accelerometer; encrypted-media;accelerometer;autoplay;clipboard-write;gyroscope;picture-in-picture clipboard-write; encrypted-media; gyroscope; picture-in-picture; web-share\" referrerpolicy=\"strict-origin-when-cross-origin\" allowfullscreen><\/iframe><\/div>\n<figure><img decoding=\"async\" src=\"https:\/\/gadrosaflorida.gob.ec\/sucumbios\/wp-content\/uploads\/2020\/06\/20200613_1104511.jpg\" alt=\"20200613_110451[1]\" \/><\/figure>\n<figure><img decoding=\"async\" src=\"https:\/\/gadrosaflorida.gob.ec\/sucumbios\/wp-content\/uploads\/2020\/06\/20200613_1157461.jpg\" alt=\"20200613_115746[1]\" \/><\/figure>\n<figure><img decoding=\"async\" src=\"https:\/\/gadrosaflorida.gob.ec\/sucumbios\/wp-content\/uploads\/2020\/06\/20200613_1104101.jpg\" alt=\"20200613_110410[1]\" \/><\/figure>\n<p>\t\t\t\t\t\tAnterior<br \/>\n\t\t\t\t\t\tSiguiente<\/p>\n<figure><img decoding=\"async\" src=\"https:\/\/gadrosaflorida.gob.ec\/sucumbios\/wp-content\/uploads\/2020\/06\/20200613_1134581-e1592520276932.jpg\" alt=\"20200613_113458[1]\" \/><\/figure>\n<figure><img decoding=\"async\" src=\"https:\/\/gadrosaflorida.gob.ec\/sucumbios\/wp-content\/uploads\/2020\/06\/20200313_180745-e1592673013823.jpg\" alt=\"20200313_180745\" \/><\/figure>\n<figure><img decoding=\"async\" src=\"https:\/\/gadrosaflorida.gob.ec\/sucumbios\/wp-content\/uploads\/2020\/06\/20200613_13372311-e1592672384543.jpg\" alt=\"20200613_133723(1)[1]\" \/><\/figure>\n<figure><img decoding=\"async\" src=\"https:\/\/gadrosaflorida.gob.ec\/sucumbios\/wp-content\/uploads\/2020\/06\/20200313_1808461-e1592673276887.jpg\" alt=\"20200313_180846(1)\" \/><\/figure>\n<figure><img decoding=\"async\" src=\"https:\/\/gadrosaflorida.gob.ec\/sucumbios\/wp-content\/uploads\/2020\/06\/20200613_130633-e1592673502549.jpg\" alt=\"20200613_130633\" \/><\/figure>\n<p>\t\t\t\t\t\t\t<a href=\"https:\/\/gadrosaflorida.gob.ec\/sucumbios\/wp-content\/uploads\/2020\/06\/20200613_1134581-e1592520276932.jpg\" data-elementor-lightbox-slideshow=\"16a6758\" data-elementor-lightbox-index=\"0\" data-elementor-lightbox-video=\"https:\/\/www.youtube.com\/embed\/_ZPsBn_GogI?feature=oembed&amp;autoplay=1&amp;rel=0&amp;controls=0\"><br \/>\n\t\t\t\t\tPlay<br \/>\n\t\t<\/a><br \/>\n\t\t\t\t\t\t\t<a href=\"https:\/\/gadrosaflorida.gob.ec\/sucumbios\/wp-content\/uploads\/2020\/06\/20200620_092133.jpg\" data-elementor-lightbox-slideshow=\"16a6758\" data-elementor-lightbox-index=\"1\" data-elementor-lightbox-video=\"https:\/\/www.youtube.com\/embed\/y0fb2pnsyog?feature=oembed&amp;autoplay=1&amp;rel=0&amp;controls=0\"><br \/>\n\t\t\t\t\tPlay<br \/>\n\t\t<\/a><br \/>\n\t\t\t\t\t\t\tPrevious<br \/>\n\t\t\t\t\t\t\tNext<br \/>\n\t\t<strong>ACTIVIDADES DE TURISMO, RECREACI\u00d3N E INVESTIGACI\u00d3N<\/strong><br \/>\nLas caracter\u00edsticas geogr\u00e1ficas le confieren al territorio de la parroquia altas posibilidades de desarrollar actividades de ecoturismo, as\u00ed como turismo de aventura, comunitario, cient\u00edfico o estudiantil.<br \/>\nEl GAD Municipal de Sucumb\u00edos tiene el compromiso de preservar sus entornos naturales, ya sean paisajes, lagunas, r\u00edos, cascadas, aguas subterr\u00e1neas, paramo de frailejones, bosque nublado, bosque h\u00famedo tropical montano, fauna, flora y restos arqueol\u00f3gicos, por lo que han planteado el Plan de Manejo para el \u00c1rea de Conservaci\u00f3n Municipal, La Bonita, Cof\u00e1nes, Chingual, que tiene 70.000 Ha. de extensi\u00f3n.<br \/>\nLa parroquia Rosa Florida posee una variedad de atractivos aptos para el turismo y la recreaci\u00f3n, que no han sido adecuadamente difundidos, y tampoco cuentan con los servicios necesarios para facilitar su apreciaci\u00f3n y disfrute; por lo que se hace necesario realizar un inventario de sitios tur\u00edsticos para planificar la dotaci\u00f3n de facilidades e infraestructura a estos sitios, fortalecer la actividad tur\u00edstica resultar\u00e1 de suma importancia para lograr beneficios principalmente econ\u00f3micos que esta actividad puede generar a las poblaciones, brind\u00e1ndoles de esta forma una alternativa econ\u00f3mica compatible con los objetivos de conservaci\u00f3n.<br \/>\nLos lugares de inter\u00e9s de acuerdo a los habitantes son: Cascada el Vicundo, Cascada velo de la Novia, Cascada Vijagual, Diversidad de orqu\u00eddeas, Gallos de la pe\u00f1a, Senderos para observaci\u00f3n de flora y fauna, Artesan\u00edas, R\u00edo La Chispa, Tarabita del r\u00edo S\u00e1balo, Cascada del r\u00edo S\u00e1balo, Mirador del cerro el Dedo, Mirador Miravalle, Mirador de la Loma de don Juan.<br \/>\nEsta diversidad de atractivos tur\u00edsticos, no est\u00e1n considerados en su mayor\u00eda dentro de los PDYOTs, provincial y cantonal, por lo que <strong>se requiere un Plan de Desarrollo Tur\u00edstico de la Parroquia<\/strong> para potencializar sus atractivos.<br \/>\n<a name=\"_Toc433884075\"><\/a><strong>MATRIZ COMPONENTE ECON\u00d3MICO<\/strong><br \/>\n<a name=\"_Toc433886461\"><\/a><a name=\"_Toc433787481\"><\/a><strong>Tabla N\u00b019: Matriz Componente Econ\u00f3mico<\/strong><\/p>\n<table width=\"0\">\n<tbody>\n<tr>\n<td width=\"177\"><strong>VARIABLES<\/strong><\/td>\n<td width=\"236\"><strong>POTENCIALIDADES<\/strong><\/td>\n<td width=\"233\"><strong>PROBLEMAS<\/strong><\/td>\n<\/tr>\n<tr>\n<td width=\"177\"><strong>Trabajo y Empleo<\/strong><\/td>\n<td width=\"236\">La agricultura y ganader\u00eda son la principal fuente de trabajo<\/td>\n<td width=\"233\">Deficiente generaci\u00f3n de fuentes de empleo<br \/>\n&nbsp;<br \/>\nPolitizaci\u00f3n de los puestos de trabajo en el GAD Cantonal<\/td>\n<\/tr>\n<tr>\n<td width=\"177\"><strong>Estructura productiva<\/strong><\/td>\n<td width=\"236\">Carretera asfaltada que atraviesa la parroquia<\/td>\n<td width=\"233\">Deficiente red vial secundaria.<br \/>\n&nbsp;<br \/>\nFalta de mantenimiento de las v\u00edas<\/td>\n<\/tr>\n<tr>\n<td width=\"177\"><strong>Relaci\u00f3n entre sectores econ\u00f3micos<\/strong><\/td>\n<td width=\"236\">La mayor\u00eda tienen escrituras, ofrecen variedad\u00a0 de animales y productos agr\u00edcolas<\/td>\n<td width=\"233\">Todo se comercializa a trav\u00e9s de intermediarios.<\/td>\n<\/tr>\n<tr>\n<td width=\"177\"><strong>Principales Productos<\/strong><\/td>\n<td width=\"236\">Variedad de productos subtropicales. Y de clima frio<\/td>\n<td width=\"233\">Presencia de salivazo en el pasto, plagas y enfermedades en la Naranjilla y el tomate principalmente<\/td>\n<\/tr>\n<tr>\n<td width=\"177\"><strong>Factores productivos<\/strong><\/td>\n<td width=\"236\">Hay asistencia t\u00e9cnica, abundante agua<br \/>\n&nbsp;<br \/>\nOrganizaciones productivas<\/td>\n<td width=\"233\">Dificultad para acceder a cr\u00e9dito<\/td>\n<\/tr>\n<tr>\n<td width=\"177\"><strong>Relaciones de producci\u00f3n<\/strong><\/td>\n<td width=\"236\">Mayor\u00eda tiene escrituras en el sector rural<\/td>\n<td width=\"233\">Deficiente Legalizaci\u00f3n de tierras en el sector urbano<\/td>\n<\/tr>\n<tr>\n<td width=\"177\"><strong>Infraestructura de apoyo a la producci\u00f3n<\/strong><\/td>\n<td width=\"236\">Existen piscinas para piscicultura<\/td>\n<td width=\"233\">Ineficiente sistema de comercializaci\u00f3n, no hay centros de acopio, piladoras,<\/td>\n<\/tr>\n<tr>\n<td width=\"177\"><strong>Incidencia Proyectos Estrat\u00e9gicos Nacionales<\/strong><\/td>\n<td width=\"236\">Turismo por la cercan\u00eda al proyecto de creaci\u00f3n de la Reserva Municipal La Bonita, Cof\u00e1n. Chingual<\/td>\n<td width=\"233\">Poco involucramiento de la Parroquia en este proyecto<\/td>\n<\/tr>\n<tr>\n<td width=\"177\"><strong>Amenazas a la infraestructura<\/strong><\/td>\n<td width=\"236\">Buena cobertura vegetal<\/td>\n<td width=\"233\">La topograf\u00eda irregular produce deslizamientos<\/td>\n<\/tr>\n<\/tbody>\n<\/table>\n<p><strong>Fuente: P&amp;P Consultores<\/strong><br \/>\n&nbsp;<br \/>\nAfecta el nivel de politizaci\u00f3n de los espacios de trabajo para que la poblaci\u00f3n de la parroquia no sea beneficiada de ning\u00fan puesto de trabajo en el municipio de Sucumb\u00edos o Consejo Provincial, por la poca poblaci\u00f3n que no representa una fuerza electoral.<br \/>\nSe dispone\u00a0 solo de la v\u00eda asfaltada\u00a0 como eje principal, sin ninguna v\u00eda secundaria que conecte a los espacios productivos.<br \/>\nLa topograf\u00eda irregular en la parroquia, produce deslizamientos permanentes en la v\u00eda. La red principal no tiene mantenimiento,\u00a0 por lo que hay tramos en muy mal estado que no tiene mantenimiento de ninguna instituci\u00f3n.<br \/>\nEs necesario,\u00a0 contar con mayor apoyo para la producci\u00f3n y para el sector pisc\u00edcola, ya que existe infraestructura instalada en la parroquia.<\/p>\n","protected":false},"excerpt":{"rendered":"<p>Anterior Siguiente Play Play Previous Next ACTIVIDADES DE TURISMO, RECREACI\u00d3N E INVESTIGACI\u00d3N Las caracter\u00edsticas geogr\u00e1ficas le confieren al territorio de la parroquia altas posibilidades de desarrollar actividades de ecoturismo, as\u00ed como turismo de aventura, comunitario, cient\u00edfico o estudiantil. El GAD Municipal de Sucumb\u00edos tiene el compromiso de preservar sus entornos naturales, ya sean paisajes, lagunas, [&hellip;]<\/p>\n","protected":false},"author":5,"featured_media":1503,"parent":0,"menu_order":0,"comment_status":"closed","ping_status":"closed","template":"","meta":{"footnotes":""},"yst_prominent_words":[241,242,381,380,382,376,372,369,385,378,375,384,337,374,371,379,383,377,373,370],"class_list":["post-1440","page","type-page","status-publish","has-post-thumbnail","hentry","post","post-with-thumbnail","post-with-thumbnail-large"],"_links":{"self":[{"href":"https:\/\/gadrosaflorida.gob.ec\/sucumbios\/wp-json\/wp\/v2\/pages\/1440","targetHints":{"allow":["GET"]}}],"collection":[{"href":"https:\/\/gadrosaflorida.gob.ec\/sucumbios\/wp-json\/wp\/v2\/pages"}],"about":[{"href":"https:\/\/gadrosaflorida.gob.ec\/sucumbios\/wp-json\/wp\/v2\/types\/page"}],"author":[{"embeddable":true,"href":"https:\/\/gadrosaflorida.gob.ec\/sucumbios\/wp-json\/wp\/v2\/users\/5"}],"replies":[{"embeddable":true,"href":"https:\/\/gadrosaflorida.gob.ec\/sucumbios\/wp-json\/wp\/v2\/comments?post=1440"}],"version-history":[{"count":30,"href":"https:\/\/gadrosaflorida.gob.ec\/sucumbios\/wp-json\/wp\/v2\/pages\/1440\/revisions"}],"predecessor-version":[{"id":2346,"href":"https:\/\/gadrosaflorida.gob.ec\/sucumbios\/wp-json\/wp\/v2\/pages\/1440\/revisions\/2346"}],"wp:featuredmedia":[{"embeddable":true,"href":"https:\/\/gadrosaflorida.gob.ec\/sucumbios\/wp-json\/wp\/v2\/media\/1503"}],"wp:attachment":[{"href":"https:\/\/gadrosaflorida.gob.ec\/sucumbios\/wp-json\/wp\/v2\/media?parent=1440"}],"wp:term":[{"taxonomy":"yst_prominent_words","embeddable":true,"href":"https:\/\/gadrosaflorida.gob.ec\/sucumbios\/wp-json\/wp\/v2\/yst_prominent_words?post=1440"}],"curies":[{"name":"wp","href":"https:\/\/api.w.org\/{rel}","templated":true}]}}