{"id":120771,"date":"2024-01-02T05:58:40","date_gmt":"2024-01-02T09:58:40","guid":{"rendered":"https:\/\/gadrosaflorida.gob.ec\/sucumbios\/?page_id=120771"},"modified":"2025-09-15T11:34:46","modified_gmt":"2025-09-15T15:34:46","slug":"rendicion-de-cuentas-2024","status":"publish","type":"page","link":"https:\/\/gadrosaflorida.gob.ec\/sucumbios\/rendicion-de-cuentas-2024\/","title":{"rendered":"Rendici\u00f3n de Cuentas 2024"},"content":{"rendered":"[vc_row][vc_column][vc_column_text]<img loading=\"lazy\" decoding=\"async\" class=\"aligncenter size-full wp-image-122431\" src=\"https:\/\/gadrosaflorida.gob.ec\/sucumbios\/wp-content\/uploads\/2025\/08\/Imagen1.png\" alt=\"\" width=\"960\" height=\"540\" srcset=\"https:\/\/gadrosaflorida.gob.ec\/sucumbios\/wp-content\/uploads\/2025\/08\/Imagen1.png 960w, https:\/\/gadrosaflorida.gob.ec\/sucumbios\/wp-content\/uploads\/2025\/08\/Imagen1-550x309.png 550w, https:\/\/gadrosaflorida.gob.ec\/sucumbios\/wp-content\/uploads\/2025\/08\/Imagen1-768x432.png 768w\" sizes=\"auto, (max-width: 960px) 100vw, 960px\" \/>[\/vc_column_text][\/vc_column][\/vc_row][vc_row][vc_column][vc_tta_tabs][vc_tta_section i_icon_fontawesome=\u00bbfa fa-check\u00bb add_icon=\u00bbtrue\u00bb title=\u00bbFASE 1:\u00bb tab_id=\u00bb1755125907247-0be0c5ed-e1d8&#8243;][vc_column_text]<span style=\"font-size: 12pt; color: #ff0000;\"><strong>PLANIFICACI\u00d3N Y FACILITACI\u00d3N DEL PROCESO DESDE LA ASAMBLEA CIUDADANA<\/strong><\/span><\/p>\n<p><span style=\"font-size: 12pt;\"><a href=\"https:\/\/drive.google.com\/file\/d\/1ZKXd3UybOlT-707XWXfURNRRTAkZZf32\/view?usp=sharing\" target=\"_blank\" rel=\"noopener\">1.1.- Convocatoria al directorio de la asamblea ciudadana\u00a0 \u00a0local para dar paso a la planificaci\u00f3n del proceso de rendici\u00f3n de cuentas 2024<\/a><\/span><\/p>\n<p><span style=\"font-size: 12pt;\"><a href=\"https:\/\/drive.google.com\/file\/d\/1SqccUx2vgTYfpngZwkXcyUdz_KBHpHlW\/view?usp=sharing\" target=\"_blank\" rel=\"noopener\">1.2.- Acta de la sesi\u00f3n ordinaria del directorio de la asamblea ciudadana local de la parroquia Rosa Florida para la planificaci\u00f3n de consulta a la ciudadan\u00eda<\/a><\/span><\/p>\n<p><span style=\"font-size: 12pt;\"><a href=\"https:\/\/drive.google.com\/file\/d\/1xHb3sI7pAddpNslwvqcdcbLMyyVsUkd2\/view?usp=sharing\" target=\"_blank\" rel=\"noopener\">1.3.- Solicitud del presidente del directorio de la asamblea ciudadana local para el acceso de documentos institucionales del gobierno parroquial de Rosa Florida<\/a><\/span><\/p>\n<p><span style=\"font-size: 12pt;\"><a href=\"https:\/\/drive.google.com\/file\/d\/1IyfToDsiTDxIqopy831IRboxcE8CrSOU\/view?usp=sharing\" target=\"_blank\" rel=\"noopener\">1.4.- Respuesta por parte de la m\u00e1xima autoridad del gobierno parroquial de Rosa Florida a la solicitud de documentaci\u00f3n del directorio de la ACL<\/a><\/span><\/p>\n<p><span style=\"font-size: 12pt;\"><a href=\"https:\/\/drive.google.com\/file\/d\/1Q8y0qGnIapr7hnwqHV-4G_6CzMn5mbXb\/view?usp=sharing\" target=\"_blank\" rel=\"noopener\">1.5.- Plan de desarrollo y ordenamiento territorial 2023-2027<\/a><\/span><\/p>\n<p><span style=\"font-size: 12pt;\"><a href=\"https:\/\/drive.google.com\/file\/d\/1TF88SgQyY8zlAXMjoaqwHLvU9q1yy5yC\/view?usp=sharing\" target=\"_blank\" rel=\"noopener\">1.6.- Plan de trabajo de la m\u00e1xima autoridad<\/a><\/span><\/p>\n<p><span style=\"font-size: 12pt;\"><a href=\"https:\/\/drive.google.com\/file\/d\/1MeeqsnUELHWOCv2InegXPdwRbwoWBDfQ\/view?usp=sharing\" target=\"_blank\" rel=\"noopener\">1.7.- Plan operativo anual 2024<\/a><\/span><\/p>\n<p><span style=\"font-size: 12pt;\"><a href=\"https:\/\/drive.google.com\/file\/d\/1JdSWtnJBbV1oZjnRlGwfpNsu38L2QTdU\/view?usp=sharing\" target=\"_blank\" rel=\"noopener\">1.8.- Presupuesto 2024<\/a><\/span><\/p>\n<p><span style=\"font-size: 12pt;\"><a href=\"https:\/\/drive.google.com\/file\/d\/1_o-NpIl7wFMcEgnyLtDnz1rxbg0GuBar\/view?usp=sharing\" target=\"_blank\" rel=\"noopener\">1.9.- Matriz de mapeo de actores para consulta a la ciudadan\u00eda<\/a><\/span><\/p>\n<p><span style=\"font-size: 12pt;\"><a href=\"https:\/\/drive.google.com\/file\/d\/1LK_pVAxtkXsMjlR1v8vYVb5_oKjjFALc\/view?usp=sharing\" target=\"_blank\" rel=\"noopener\">1.10.- Invitaciones a la asamblea general para la consulta a la ciudadan\u00eda<\/a><\/span><\/p>\n<p><span style=\"font-size: 12pt;\"><a href=\"https:\/\/drive.google.com\/file\/d\/1zFT0PMqKC49H7FB1Mub3RoVs-ovAGUD8\/view?usp=sharing\" target=\"_blank\" rel=\"noopener\">1.11.- Acta de asamblea general para consulta a la ciudadan\u00eda<\/a><\/span><\/p>\n<p><span style=\"font-size: 12pt;\"><a href=\"https:\/\/drive.google.com\/file\/d\/1L0pAj53IY3rrvQZLAnAm0z1H_mcEro5V\/view?usp=sharing\" target=\"_blank\" rel=\"noopener\">1.12.- Oficio del presidente de la asamblea ciudadana local de la parroquia Rosa Florida, haciendo la entrega de los temas de inter\u00e9s ciudadano que se requiere rinda cuentas<\/a><\/span><\/p>\n<p><span style=\"font-size: 12pt;\"><a href=\"https:\/\/drive.google.com\/file\/d\/1aZJ6Hf4TTzFb0xYtTv4wtt3Em0s56r28\/view?usp=sharing\" target=\"_blank\" rel=\"noopener\">1.13. Matrices de levantamiento de informaci\u00f3n de la consulta a la ciudadan\u00eda<\/a><\/span>[\/vc_column_text][\/vc_tta_section][vc_tta_section i_icon_fontawesome=\u00bbfa fa-check\u00bb add_icon=\u00bbtrue\u00bb title=\u00bbFASE 2:\u00bb tab_id=\u00bb1755125907263-202c598c-41c5&#8243;][vc_column_text]<span style=\"font-size: 12pt; color: #ff0000;\"><strong>EVALUACI\u00d3N DE LA GESTI\u00d3N Y REDACCI\u00d3N DEL INFORME DE LA INSTITUCI\u00d3N<\/strong><\/span><\/p>\n<p><a href=\"https:\/\/drive.google.com\/file\/d\/1pVtjFzqLMgJ1pfZRDA0wwGAPGoSxMKcq\/view?usp=sharing\" target=\"_blank\" rel=\"noopener\"><span style=\"font-size: 12pt;\">2.1.- Memor\u00e1ndum de designaci\u00f3n para la elaborar el informe preliminar de rendici\u00f3n de cuentas 2024<\/span><\/a><\/p>\n<p><a href=\"https:\/\/drive.google.com\/file\/d\/1zbWU5GA85DujfwSaQy0oROyocTHfuS2x\/view?usp=sharing\" target=\"_blank\" rel=\"noopener\"><span style=\"font-size: 12pt;\">2.2.- Informe preliminar de rendici\u00f3n de cuentas 2024<\/span><\/a><\/p>\n<p><a href=\"https:\/\/docs.google.com\/spreadsheets\/d\/1YZ0-NWfW0QwnTCIIuJuM9uQzxCbVCnoP\/edit?usp=sharing&amp;ouid=100161328468247311523&amp;rtpof=true&amp;sd=true\" target=\"_blank\" rel=\"noopener\"><span style=\"font-size: 12pt;\">2.3.- Formulario en Excel del informe de rendici\u00f3n de cuentas institucional GAD Rosa Florida<\/span><\/a><\/p>\n<p><a href=\"https:\/\/docs.google.com\/spreadsheets\/d\/1zaX5gZ0-oUnZZu7swtXVUL8gt3NWckQD\/edit?usp=sharing&amp;ouid=100161328468247311523&amp;rtpof=true&amp;sd=true\" target=\"_blank\" rel=\"noopener\"><span style=\"font-size: 12pt;\">2.4.- Formulario en Excel del informe de rendici\u00f3n de cuentas autoridades Calpa Cuasquer Abner Daniel<\/span><\/a><\/p>\n<p><a href=\"https:\/\/docs.google.com\/spreadsheets\/d\/1YIp9LqKauD3vUUFaEXwevvvIgzHWj6uh\/edit?usp=sharing&amp;ouid=100161328468247311523&amp;rtpof=true&amp;sd=true\" target=\"_blank\" rel=\"noopener\"><span style=\"font-size: 12pt;\">2.5.- Formulario en Excel del informe de rendici\u00f3n de cuentas autoridades Herrera Arteaga Sandra Dayamara<\/span><\/a><\/p>\n<p><span style=\"font-size: 12pt;\">2.6.- Formulario en Excel del informe de rendici\u00f3n de cuentas autoridades Rayo Y\u00e9pez Carlos Oswaldo<\/span><\/p>\n<p><a href=\"https:\/\/docs.google.com\/spreadsheets\/d\/1FQ71DbTTpJHJK2qu-A2IQa4mfZ1qrX5f\/edit?usp=sharing&amp;ouid=100161328468247311523&amp;rtpof=true&amp;sd=true\" target=\"_blank\" rel=\"noopener\"><span style=\"font-size: 12pt;\">2.7.- Formulario en Excel del informe de rendici\u00f3n de cuentas autoridades Fuel Males Edgar Fernando<\/span><\/a><\/p>\n<p><a href=\"https:\/\/docs.google.com\/spreadsheets\/d\/1TTH6lWpO8O0iuLljcPzLeDaxhkga6jSs\/edit?usp=sharing&amp;ouid=100161328468247311523&amp;rtpof=true&amp;sd=true\" target=\"_blank\" rel=\"noopener\"><span style=\"font-size: 12pt;\">2.8.- Formulario en Excel del informe de rendici\u00f3n de cuentas autoridades Jaramillo Estacio Yadira Maribel<\/span><\/a><\/p>\n<p><a href=\"https:\/\/drive.google.com\/file\/d\/18o-TaQNYQs_z11oJZ-JDSSXsjUGk1sab\/view?usp=sharing\" target=\"_blank\" rel=\"noopener\"><span style=\"font-size: 12pt;\">2.9.- Resoluci\u00f3n aprobatoria de la m\u00e1xima autoridad del gobierno parroquial, al informe preliminar de rendici\u00f3n de cuentas 2024<\/span><\/a><\/p>\n<p><a href=\"https:\/\/drive.google.com\/file\/d\/1PICs0WvLYpw4DxqJyTm5mbtxn9oAXjJw\/view?usp=sharing\" target=\"_blank\" rel=\"noopener\"><span style=\"font-size: 12pt;\">2.10.- Oficio de entrega del informe preliminar para la ACL de la parroquia Rosa Florida<\/span><\/a><\/p>\n<p><a href=\"https:\/\/drive.google.com\/file\/d\/1NlQmaUdkX8JLzl4KdIBepYWEvAX_vniN\/view?usp=sharing\" target=\"_blank\" rel=\"noopener\"><span style=\"font-size: 12pt;\">2.11.- Acta entrega del informe preliminar a la ACL de la parroquia Rosa Florida<\/span><\/a>[\/vc_column_text][\/vc_tta_section][vc_tta_section i_icon_fontawesome=\u00bbfa fa-check\u00bb add_icon=\u00bbtrue\u00bb title=\u00bbFASE 3:\u00bb tab_id=\u00bb1755140006424-b07ef10e-77c1&#8243;][vc_column_text]<span style=\"font-size: 12pt; color: #ff0000;\"><strong>EVALUACI\u00d3N CIUDADANA DEL INFORME INSTITUCIONAL.<\/strong><\/span><\/p>\n<p><a href=\"https:\/\/drive.google.com\/file\/d\/14Q7yaBUfjnMN0f2uSqHKJx3SkAtybpiE\/view?usp=sharing\" target=\"_blank\" rel=\"noopener\"><span style=\"font-size: 12pt;\">3.1.- Convocatoria del directorio de la asamblea ciudadana local para la evaluaci\u00f3n del informe preliminar de rendici\u00f3n de cuentas 2024<\/span><\/a><\/p>\n<p><a href=\"https:\/\/drive.google.com\/file\/d\/1vnN4lzoAXRl14prfSllUjwKToWJ_r15C\/view?usp=sharing\" target=\"_blank\" rel=\"noopener\"><span style=\"font-size: 12pt;\">3.2.- Acta de la sesi\u00f3n ordinaria Nro. 002 del directorio de la asamblea ciudadana local de la parroquia Rosa Florida, para presentar las opiniones y valoraciones del informe preliminar de rendici\u00f3n de cuentas 2024<\/span><\/a><\/p>\n<p><a href=\"https:\/\/drive.google.com\/file\/d\/1ENd4pNhCk5pQzK_WzA32PmaHvE5SQYVA\/view?usp=sharing\" target=\"_blank\" rel=\"noopener\"><span style=\"font-size: 12pt;\">3.3.- Resoluci\u00f3n Nro. ACL-PRF-001-2024 para la aprobaci\u00f3n del informe preliminar de rendici\u00f3n de cuentas 2023 y su respectivo consentimiento para la deliberaci\u00f3n publica con la ciudadan\u00eda en general de la parroquia.<\/span><\/a><\/p>\n<p><a href=\"https:\/\/drive.google.com\/file\/d\/1NYhPs0xZx0KFoNy4guNrf0L9-nLfGqYg\/view?usp=sharing\" target=\"_blank\" rel=\"noopener\"><span style=\"font-size: 12pt;\">3.4.- Invitaciones a los actores sociales y el directorio de la asamblea ciudadana local de la parroquia Rosa Florida para la deliberaci\u00f3n p\u00fablica del informe de rendici\u00f3n de cuentas 2024<\/span><\/a><\/p>\n<p><a href=\"https:\/\/drive.google.com\/file\/d\/1R200J9S3a5aIGm9681V4aBcbc42ldZHT\/view?usp=sharing\" target=\"_blank\" rel=\"noopener\"><span style=\"font-size: 12pt;\">3.5.- Convocatorias a las autoridades del gobierno parroquial de Rosa Florida para la deliberaci\u00f3n p\u00fablica del informe de rendici\u00f3n de cuentas 2024<\/span><\/a><\/p>\n<p><a href=\"https:\/\/drive.google.com\/file\/d\/1y9pWN34Y3OfI_PJK3yDLF2B9p91z0Gqc\/view?usp=sharing\" target=\"_blank\" rel=\"noopener\"><span style=\"font-size: 12pt;\">3.6.- Invitaci\u00f3n general a trav\u00e9s de redes sociales para la deliberaci\u00f3n p\u00fablica del informe de rendici\u00f3n de cuentas 2024<\/span><\/a><\/p>\n<p><a href=\"https:\/\/drive.google.com\/file\/d\/147C3PMJAAKNR1nFPPkwtrWyJUoZLW2XV\/view?usp=sharing\" target=\"_blank\" rel=\"noopener\"><span style=\"font-size: 12pt;\">3.7.- Informe de rendici\u00f3n de cuentas institucional gobierno parroquial de Rosa Florida<\/span><\/a><\/p>\n<p><a href=\"https:\/\/drive.google.com\/file\/d\/1N14pulLrvQpinygtyD3CoTIlekO-UtxC\/view?usp=sharing\" target=\"_blank\" rel=\"noopener\"><span style=\"font-size: 12pt;\">3.8.- Informe de rendici\u00f3n de cuentas autoridades Calpa Cuasquer Abner Daniel<\/span><\/a><\/p>\n<p><span style=\"font-size: 12pt;\">3.9.- Informe de rendici\u00f3n de cuentas autoridades Herrera Arteaga Sandra Dayamara<\/span><\/p>\n<p><a href=\"https:\/\/drive.google.com\/file\/d\/1PgDqlVk9dDtvrNMf2hU8slkF4oCaIQjg\/view?usp=sharing\" target=\"_blank\" rel=\"noopener\"><span style=\"font-size: 12pt;\">3.10.- Informe de rendici\u00f3n de cuentas autoridades Fuel Males Edgar Fernando<\/span><\/a><\/p>\n<p><a href=\"https:\/\/drive.google.com\/file\/d\/1yurZLcJgfKsfIaBIdmb0gQ8RYtw_KrTg\/view?usp=sharing\" target=\"_blank\" rel=\"noopener\"><span style=\"font-size: 12pt;\">3.11.- Informe de rendici\u00f3n de cuentas autoridades Jaramillo Estacio Yadira Maribel<\/span><\/a><\/p>\n<p><a href=\"https:\/\/drive.google.com\/file\/d\/126kBLH_Hd9ZV2r8DRU1LyIWnMyS8sCOn\/view?usp=sharing\" target=\"_blank\" rel=\"noopener\"><span style=\"font-size: 12pt;\">3.12.- Registro de asistencia de la sociedad civil en la asamblea general para la deliberaci\u00f3n p\u00fablica del informe de rendici\u00f3n de cuentas 2024<\/span><\/a><\/p>\n<p><a href=\"https:\/\/drive.google.com\/file\/d\/1lsAW_JoyoXNqcywXsCDpimGyCnmp6lhw\/view?usp=sharing\" target=\"_blank\" rel=\"noopener\"><span style=\"font-size: 12pt;\">3.13.- Sugerencias y recomendaciones de la ciudadan\u00eda<\/span><\/a>[\/vc_column_text][\/vc_tta_section][vc_tta_section i_icon_fontawesome=\u00bbfa fa-check\u00bb add_icon=\u00bbtrue\u00bb title=\u00bbFASE 4:\u00bb tab_id=\u00bb1755140600421-28a94f30-ffb3&#8243;][vc_column_text]<span style=\"font-size: 12pt; color: #ff0000;\"><strong>\u00a0INCORPORACI\u00d3N DE LA OPINI\u00d3N CIUDADANA, RETROALIMENTACI\u00d3N Y SEGUIMIENTO.<\/strong><\/span><\/p>\n<p><a href=\"https:\/\/drive.google.com\/file\/d\/1dZJi-M1bEdmMeCyjxKmLGaLdS3ZszkyO\/view?usp=sharing\" target=\"_blank\" rel=\"noopener\"><span style=\"font-size: 12pt;\">4.1.- Formulario del CPCCS institucional del GADPRRF<\/span><\/a><\/p>\n<p><a href=\"https:\/\/drive.google.com\/file\/d\/1OPVd6tIf8SJJ1wH-NBc_a4QUiDQ0t_3j\/view?usp=sharing\" target=\"_blank\" rel=\"noopener\"><span style=\"font-size: 12pt;\">4.2.- Formulario del CPCCS autoridades Calpa Cuasquer Abner Daniel<\/span><\/a><\/p>\n<p><a href=\"https:\/\/drive.google.com\/file\/d\/1Ru8P2z7YARX4wp9KmbDuueFOGVL3BVix\/view?usp=sharing\" target=\"_blank\" rel=\"noopener\"><span style=\"font-size: 12pt;\">4.3.- Formulario del CPCCS autoridades Herrera Arteaga Sandra Dayamara<\/span><\/a><\/p>\n<p><a href=\"https:\/\/drive.google.com\/file\/d\/1_m6vWlA_Bo-bxinXAIjCP-S2nwFdrB0N\/view?usp=sharing\" target=\"_blank\" rel=\"noopener\"><span style=\"font-size: 12pt;\">4.4.- Formulario del CPCCS autoridades Rayo Y\u00e9pez Carlos Oswaldo<\/span><\/a><\/p>\n<p><a href=\"https:\/\/drive.google.com\/file\/d\/1p7ibfuC-R-Rf0pO0WXeAMxkk_Cd5yT3k\/view?usp=sharing\" target=\"_blank\" rel=\"noopener\"><span style=\"font-size: 12pt;\">4.5.- Formulario del CPCCS autoridades Fuel Males Edgar Fernando<\/span><\/a><\/p>\n<p><a href=\"https:\/\/drive.google.com\/file\/d\/1i4tTZycbbIDxwdxJY5vhjxQghi1lOa1t\/view?usp=sharing\" target=\"_blank\" rel=\"noopener\"><span style=\"font-size: 12pt;\">4.6.- Formulario del CPCCS autoridades Jaramillo Estacio Yadira Maribel<\/span><\/a><\/p>\n<p><a href=\"https:\/\/drive.google.com\/file\/d\/1MbPiqv9RnlDIZMgWOEsY_UTQdDFgjY8U\/view?usp=sharing\" target=\"_blank\" rel=\"noopener\"><span style=\"font-size: 12pt;\">4.7.- Memoria del evento de deliberaci\u00f3n p\u00fablica del informe de rendici\u00f3n de cuentas 2024<\/span><\/a>[\/vc_column_text][\/vc_tta_section][\/vc_tta_tabs][\/vc_column][\/vc_row][vc_row][vc_column][vc_column_text]<iframe loading=\"lazy\" src=\"https:\/\/drive.google.com\/file\/d\/1cjOOFAkMsg5o9AGbBArP7wRCV2iecvQa\/preview\" width=\"783\" height=\"600\"><\/iframe>[\/vc_column_text][\/vc_column][\/vc_row]\n","protected":false},"excerpt":{"rendered":"<p>[vc_row][vc_column][vc_column_text][\/vc_column_text][\/vc_column][\/vc_row][vc_row][vc_column][vc_tta_tabs][vc_tta_section i_icon_fontawesome=\u00bbfa fa-check\u00bb add_icon=\u00bbtrue\u00bb title=\u00bbFASE 1:\u00bb tab_id=\u00bb1755125907247-0be0c5ed-e1d8&#8243;][vc_column_text]PLANIFICACI\u00d3N Y FACILITACI\u00d3N DEL PROCESO DESDE LA ASAMBLEA CIUDADANA 1.1.- Convocatoria al directorio de la asamblea ciudadana\u00a0 \u00a0local para dar paso a la planificaci\u00f3n del proceso de rendici\u00f3n de cuentas 2024 1.2.- Acta de la sesi\u00f3n ordinaria del directorio de la asamblea ciudadana local de la parroquia Rosa Florida [&hellip;]<\/p>\n","protected":false},"author":4,"featured_media":0,"parent":0,"menu_order":0,"comment_status":"closed","ping_status":"closed","template":"","meta":{"footnotes":""},"yst_prominent_words":[794,543,542,362,791],"class_list":["post-120771","page","type-page","status-publish","hentry","post"],"_links":{"self":[{"href":"https:\/\/gadrosaflorida.gob.ec\/sucumbios\/wp-json\/wp\/v2\/pages\/120771","targetHints":{"allow":["GET"]}}],"collection":[{"href":"https:\/\/gadrosaflorida.gob.ec\/sucumbios\/wp-json\/wp\/v2\/pages"}],"about":[{"href":"https:\/\/gadrosaflorida.gob.ec\/sucumbios\/wp-json\/wp\/v2\/types\/page"}],"author":[{"embeddable":true,"href":"https:\/\/gadrosaflorida.gob.ec\/sucumbios\/wp-json\/wp\/v2\/users\/4"}],"replies":[{"embeddable":true,"href":"https:\/\/gadrosaflorida.gob.ec\/sucumbios\/wp-json\/wp\/v2\/comments?post=120771"}],"version-history":[{"count":71,"href":"https:\/\/gadrosaflorida.gob.ec\/sucumbios\/wp-json\/wp\/v2\/pages\/120771\/revisions"}],"predecessor-version":[{"id":122535,"href":"https:\/\/gadrosaflorida.gob.ec\/sucumbios\/wp-json\/wp\/v2\/pages\/120771\/revisions\/122535"}],"wp:attachment":[{"href":"https:\/\/gadrosaflorida.gob.ec\/sucumbios\/wp-json\/wp\/v2\/media?parent=120771"}],"wp:term":[{"taxonomy":"yst_prominent_words","embeddable":true,"href":"https:\/\/gadrosaflorida.gob.ec\/sucumbios\/wp-json\/wp\/v2\/yst_prominent_words?post=120771"}],"curies":[{"name":"wp","href":"https:\/\/api.w.org\/{rel}","templated":true}]}}