{"id":1146,"date":"2020-03-12T15:19:41","date_gmt":"2020-03-12T19:19:41","guid":{"rendered":"http:\/\/gadrosaflorida.gob.ec\/sucumbios\/?page_id=1146"},"modified":"2024-02-01T11:31:46","modified_gmt":"2024-02-01T15:31:46","slug":"base-legal","status":"publish","type":"page","link":"https:\/\/gadrosaflorida.gob.ec\/sucumbios\/base-legal\/","title":{"rendered":"Base Legal"},"content":{"rendered":"[vc_row][vc_column][vc_custom_heading text=\u00bbDESCARGAR NORMATIVA\u00bb font_container=\u00bbtag:h2|text_align:center\u00bb use_theme_fonts=\u00bbyes\u00bb css_animation=\u00bbbounceIn\u00bb][\/vc_column][vc_column][vc_btn title=\u00bbCONSITUCI\u00d3N DE LA REPUBLICA DEL ECUADOR\u00bb style=\u00bb3d\u00bb color=\u00bbvista-blue\u00bb css_animation=\u00bbbounceInRight\u00bb link=\u00bburl:https%3A%2F%2Fdrive.google.com%2Ffile%2Fd%2F19T6YckWBF4PGlUEJlN8ABaPTxWOfpBqt%2Fview%3Fusp%3Dsharing|title:https%3A%2F%2Fdrive.google.com%2Ffile%2Fd%2F19T6YckWBF4PGlUEJlN8ABaPTxWOfpBqt%2Fview%3Fusp%3Dsharing|target:%20_blank|\u00bb][\/vc_column][\/vc_row][vc_row][vc_column][vc_btn title=\u00bbC\u00d3DIGO ORG\u00c1NICO TERRITORIAL DE AUTONOM\u00cdA Y DESCENTRALIZACI\u00d3N\u00bb style=\u00bb3d\u00bb color=\u00bbturquoise\u00bb css_animation=\u00bbbounceInRight\u00bb link=\u00bburl:https%3A%2F%2Fdrive.google.com%2Ffile%2Fd%2F1mollWBPjQ4jhr-mywtO7Nxrni7IYYQZ4%2Fview%3Fusp%3Dsharing|title:https%3A%2F%2Fdrive.google.com%2Ffile%2Fd%2F1mollWBPjQ4jhr-mywtO7Nxrni7IYYQZ4%2Fview%3Fusp%3Dsharing|target:%20_blank|\u00bb][\/vc_column][vc_column][vc_btn title=\u00bbC\u00d3DIGO DE TRABAJO\u00bb style=\u00bb3d\u00bb color=\u00bbmulled-wine\u00bb css_animation=\u00bbbounceInRight\u00bb link=\u00bburl:https%3A%2F%2Fdrive.google.com%2Ffile%2Fd%2F1zcyH1RU-vU3wYtcarZ_S_4-4ISx3REHE%2Fview%3Fusp%3Dsharing|title:https%3A%2F%2Fdrive.google.com%2Ffile%2Fd%2F1zcyH1RU-vU3wYtcarZ_S_4-4ISx3REHE%2Fview%3Fusp%3Dsharing|target:%20_blank|\u00bb][\/vc_column][\/vc_row][vc_row][vc_column][vc_btn title=\u00bbC\u00d3DIGO ORG\u00c1NICO DE PLANIFICACI\u00d3N Y FINANZAS PUBLICAS\u00bb style=\u00bb3d\u00bb color=\u00bbchino\u00bb css_animation=\u00bbbounceInRight\u00bb link=\u00bburl:https%3A%2F%2Fdrive.google.com%2Ffile%2Fd%2F1m4ICwITp6MHeJO7kdBazGk_BMNYX-nAf%2Fview%3Fusp%3Dsharing|title:https%3A%2F%2Fdrive.google.com%2Ffile%2Fd%2F1m4ICwITp6MHeJO7kdBazGk_BMNYX-nAf%2Fview%3Fusp%3Dsharing|target:%20_blank|\u00bb][vc_row_inner][vc_column_inner][vc_btn title=\u00bbREGLAMENTO DEL C\u00d3DIGO ORG\u00c1NICO DE PLANIFICACI\u00d3N Y FINANZAS PUBLICAS\u00bb style=\u00bb3d\u00bb color=\u00bborange\u00bb css_animation=\u00bbbounceInRight\u00bb link=\u00bburl:https%3A%2F%2Fdrive.google.com%2Ffile%2Fd%2F1imjymt3gAG0rm8Ly1Z8AjFEUq6_3X1x8%2Fview%3Fusp%3Dsharing|title:https%3A%2F%2Fdrive.google.com%2Ffile%2Fd%2F1imjymt3gAG0rm8Ly1Z8AjFEUq6_3X1x8%2Fview%3Fusp%3Dsharing|target:%20_blank|\u00bb][\/vc_column_inner][\/vc_row_inner][\/vc_column][\/vc_row][vc_row][vc_column][vc_btn title=\u00bbC\u00d3DIGO ORG\u00c1NICO INTEGRAL PENAL\u00bb style=\u00bb3d\u00bb color=\u00bbpurple\u00bb css_animation=\u00bbbounceInRight\u00bb link=\u00bburl:https%3A%2F%2Fdrive.google.com%2Ffile%2Fd%2F1aTF1MEVYfWjegLfmAQETEkhu1uc2xvzA%2Fview%3Fusp%3Dsharing|title:https%3A%2F%2Fdrive.google.com%2Ffile%2Fd%2F1aTF1MEVYfWjegLfmAQETEkhu1uc2xvzA%2Fview%3Fusp%3Dsharing|target:%20_blank|\u00bb][\/vc_column][\/vc_row][vc_row][vc_column][vc_btn title=\u00bbLEY ORG\u00c1NICA DEL SISTEMA NACIONAL DE CONTRATACI\u00d3N PUBLICA\u00bb style=\u00bb3d\u00bb color=\u00bbsandy-brown\u00bb css_animation=\u00bbbounceInRight\u00bb link=\u00bburl:https%3A%2F%2Fdrive.google.com%2Ffile%2Fd%2F1RRdNzRk8x4IDJwnGNUGUE80cltmieFmR%2Fview%3Fusp%3Dsharing|title:https%3A%2F%2Fdrive.google.com%2Ffile%2Fd%2F1RRdNzRk8x4IDJwnGNUGUE80cltmieFmR%2Fview%3Fusp%3Dsharing|target:%20_blank|\u00bb][\/vc_column][\/vc_row][vc_row][vc_column][vc_btn title=\u00bbREGLAMENTO A LA LEY ORGANICA SISTEMA NACIONAL CONTRATACION PUBLICA\u00bb style=\u00bb3d\u00bb color=\u00bbvista-blue\u00bb css_animation=\u00bbbounceInRight\u00bb link=\u00bburl:https%3A%2F%2Fdrive.google.com%2Ffile%2Fd%2F1kWpNjNi2w4WOp7kC3MCPxokcAjD59G52%2Fview%3Fusp%3Dsharing|title:https%3A%2F%2Fdrive.google.com%2Ffile%2Fd%2F1kWpNjNi2w4WOp7kC3MCPxokcAjD59G52%2Fview%3Fusp%3Dsharing|target:%20_blank|\u00bb][\/vc_column][vc_column][vc_btn title=\u00bbLEY ORG\u00c1NICA DE LA CONTRALORIA GENERAL DEL ESTADO\u00bb style=\u00bb3d\u00bb color=\u00bbpurple\u00bb css_animation=\u00bbbounceInRight\u00bb link=\u00bburl:https%3A%2F%2Fdrive.google.com%2Ffile%2Fd%2F1DH1VBDUGWLhNqlvcb3YtVfY1YiEMBPte%2Fview%3Fusp%3Dsharing|title:https%3A%2F%2Fdrive.google.com%2Ffile%2Fd%2F1DH1VBDUGWLhNqlvcb3YtVfY1YiEMBPte%2Fview%3Fusp%3Dsharing|target:%20_blank|\u00bb][\/vc_column][vc_column][vc_btn title=\u00bbLEY ORG\u00c1NICA DEL CONSEJO DE PARTICIPACI\u00d3N CIUDADANA Y CONTROL SOCIAL\u00bb style=\u00bb3d\u00bb color=\u00bbsky\u00bb css_animation=\u00bbbounceInRight\u00bb link=\u00bburl:https%3A%2F%2Fdrive.google.com%2Ffile%2Fd%2F1MP1tnhCW5TwcqzII0gv9kHjAYO4Ky3Fj%2Fview%3Fusp%3Dsharing|title:https%3A%2F%2Fdrive.google.com%2Ffile%2Fd%2F1MP1tnhCW5TwcqzII0gv9kHjAYO4Ky3Fj%2Fview%3Fusp%3Dsharing|target:%20_blank|\u00bb][vc_row_inner][vc_column_inner][vc_btn title=\u00bbLEY ORG\u00c1NICA DE PARTICIPACION CIUDADANA\u00bb style=\u00bb3d\u00bb css_animation=\u00bbbounceInRight\u00bb link=\u00bburl:https%3A%2F%2Fdrive.google.com%2Ffile%2Fd%2F1Y-iKikEM6MZX0enU1h14OnK9GQf66kYI%2Fview%3Fusp%3Dsharing|title:https%3A%2F%2Fdrive.google.com%2Ffile%2Fd%2F1Y-iKikEM6MZX0enU1h14OnK9GQf66kYI%2Fview%3Fusp%3Dsharing|target:%20_blank|\u00bb][\/vc_column_inner][\/vc_row_inner][\/vc_column][\/vc_row][vc_row][vc_column][vc_btn title=\u00bbLEY ORG\u00c1NICA DE TRANSPARENCIA Y ACCESO A LA INFORMACI\u00d3N PUBLICA\u00bb style=\u00bb3d\u00bb color=\u00bbmulled-wine\u00bb css_animation=\u00bbbounceInRight\u00bb link=\u00bburl:https%3A%2F%2Fdrive.google.com%2Ffile%2Fd%2F1KlNmm0I4-PFcFJeLLodSyUIhSicA7fKo%2Fview%3Fusp%3Dsharing|title:https%3A%2F%2Fdrive.google.com%2Ffile%2Fd%2F1KlNmm0I4-PFcFJeLLodSyUIhSicA7fKo%2Fview%3Fusp%3Dsharing|target:%20_blank|\u00bb][\/vc_column][vc_column][vc_btn title=\u00bbREGLAMENTO A LEY DE TRANSPARENCIA Y ACCESO A INFORMACION PUBLICA\u00bb style=\u00bb3d\u00bb color=\u00bbdanger\u00bb css_animation=\u00bbbounceInRight\u00bb link=\u00bburl:https%3A%2F%2Fdrive.google.com%2Ffile%2Fd%2F1t_H3AN9Rs0W3FbwIM2eCi8ZjP-VI4xMm%2Fview%3Fusp%3Dsharing|title:https%3A%2F%2Fdrive.google.com%2Ffile%2Fd%2F1t_H3AN9Rs0W3FbwIM2eCi8ZjP-VI4xMm%2Fview%3Fusp%3Dsharing|target:%20_blank|\u00bb][\/vc_column][\/vc_row][vc_row][vc_column][vc_btn title=\u00bbLEY ORG\u00c1NICA DE GARANT\u00cdAS JURISDICCIONALES Y CONTROL CONSTITUCIONAL\u00bb style=\u00bb3d\u00bb color=\u00bbgreen\u00bb css_animation=\u00bbbounceInRight\u00bb link=\u00bburl:https%3A%2F%2Fdrive.google.com%2Ffile%2Fd%2F1sxhFLi1CUoLBxboekce5V-lHs1kh6tSw%2Fview%3Fusp%3Dsharing|title:https%3A%2F%2Fdrive.google.com%2Ffile%2Fd%2F1sxhFLi1CUoLBxboekce5V-lHs1kh6tSw%2Fview%3Fusp%3Dsharing|target:%20_blank|\u00bb][\/vc_column][vc_column][vc_btn title=\u00bbLEY ORG\u00c1NICA DE SERVICIO P\u00daBLICO\u00bb style=\u00bb3d\u00bb color=\u00bbchino\u00bb css_animation=\u00bbbounceInRight\u00bb link=\u00bburl:https%3A%2F%2Fdrive.google.com%2Ffile%2Fd%2F1-Gc_7cmbS5KJD41JQTo4EooDM483zr8W%2Fview%3Fusp%3Dsharing|title:https%3A%2F%2Fdrive.google.com%2Ffile%2Fd%2F1-Gc_7cmbS5KJD41JQTo4EooDM483zr8W%2Fview%3Fusp%3Dsharing|target:%20_blank|\u00bb][\/vc_column][\/vc_row][vc_row][vc_column][vc_btn title=\u00bbREGLAMENTO GENERAL A LA LEY ORG\u00c1NICA DEL SERVICIO PUBLICO\u00bb style=\u00bb3d\u00bb color=\u00bbturquoise\u00bb css_animation=\u00bbbounceInRight\u00bb link=\u00bburl:https%3A%2F%2Fdrive.google.com%2Ffile%2Fd%2F15GBFqMR8DCzgAW_O1yJ_i4fdkUqU0KEj%2Fview%3Fusp%3Dsharing|title:https%3A%2F%2Fdrive.google.com%2Ffile%2Fd%2F15GBFqMR8DCzgAW_O1yJ_i4fdkUqU0KEj%2Fview%3Fusp%3Dsharing|target:%20_blank|\u00bb][\/vc_column][vc_column][vc_btn title=\u00bbLEY ORG\u00c1NICA PARA LA PLANIFICACI\u00d3N INTEGRAL DE LA CIRCUNSCRIPCI\u00d3N TERRITORIAL ESPECIAL AMAZ\u00d3NICA\u00bb style=\u00bb3d\u00bb color=\u00bbwarning\u00bb css_animation=\u00bbbounceInRight\u00bb link=\u00bburl:https%3A%2F%2Fdrive.google.com%2Ffile%2Fd%2F1lLjJ0-zDd_2b3lFbg3nr26mml06AiyC7%2Fview%3Fusp%3Dsharing|title:https%3A%2F%2Fdrive.google.com%2Ffile%2Fd%2F1lLjJ0-zDd_2b3lFbg3nr26mml06AiyC7%2Fview%3Fusp%3Dsharing|target:%20_blank|\u00bb][\/vc_column][\/vc_row][vc_row][vc_column][vc_btn title=\u00bbREGLAMENTO DE BIENES DEL SERCTOR PUBLICO\u00bb style=\u00bb3d\u00bb color=\u00bbviolet\u00bb css_animation=\u00bbbounceInRight\u00bb link=\u00bburl:https%3A%2F%2Fdrive.google.com%2Ffile%2Fd%2F1bZ39lbzObODQ26NH3lRQC7Lsd_0aRO7F%2Fview%3Fusp%3Dsharing|title:https%3A%2F%2Fdrive.google.com%2Ffile%2Fd%2F1bZ39lbzObODQ26NH3lRQC7Lsd_0aRO7F%2Fview%3Fusp%3Dsharing|target:%20_blank|\u00bb][\/vc_column][\/vc_row][vc_row][vc_column][vc_btn title=\u00bbCODIGO ORGANICO ADMINISTRATIVO\u00bb style=\u00bb3d\u00bb color=\u00bbmulled-wine\u00bb css_animation=\u00bbbounceInRight\u00bb link=\u00bburl:https%3A%2F%2Fdrive.google.com%2Ffile%2Fd%2F1To7TT_kBcrdDR70oB5foBhGaa5K_1i9i%2Fview%3Fusp%3Dsharing|title:https%3A%2F%2Fdrive.google.com%2Ffile%2Fd%2F1To7TT_kBcrdDR70oB5foBhGaa5K_1i9i%2Fview%3Fusp%3Dsharing|target:%20_blank|\u00bb][\/vc_column][\/vc_row][vc_row][vc_column][vc_btn title=\u00bbLEY DE COMERCIO ELECTRONICO, FIRMAS Y MENSAJES DE DATOS\u00bb style=\u00bb3d\u00bb color=\u00bborange\u00bb css_animation=\u00bbbounceInRight\u00bb link=\u00bburl:https%3A%2F%2Fdrive.google.com%2Ffile%2Fd%2F1pzYdkOkgCB1b1d3RFl49cMHBaOdG5WT5%2Fview%3Fusp%3Dsharing|title:https%3A%2F%2Fdrive.google.com%2Ffile%2Fd%2F1pzYdkOkgCB1b1d3RFl49cMHBaOdG5WT5%2Fview%3Fusp%3Dsharing|target:%20_blank|\u00bb][\/vc_column][\/vc_row][vc_row][vc_column][vc_btn title=\u00bbNORMAS DE CONTROL INTERNA DE LA CONTRALORIA DE ESTADO\u00bb style=\u00bb3d\u00bb color=\u00bbdanger\u00bb css_animation=\u00bbbounceInRight\u00bb link=\u00bburl:https%3A%2F%2Fdrive.google.com%2Ffile%2Fd%2F1kGAGIkZj-qqSdHZYHLxT_24STEOR0aCr%2Fview%3Fusp%3Dsharing|title:https%3A%2F%2Fdrive.google.com%2Ffile%2Fd%2F1kGAGIkZj-qqSdHZYHLxT_24STEOR0aCr%2Fview%3Fusp%3Dsharing|target:%20_blank|\u00bb][\/vc_column][\/vc_row][vc_row][vc_column][vc_btn title=\u00bbNORMATIVA SECUNDARIA DEL SNCP\u00bb style=\u00bb3d\u00bb color=\u00bbchino\u00bb css_animation=\u00bbbounceInRight\u00bb link=\u00bburl:https%3A%2F%2Fdrive.google.com%2Ffile%2Fd%2F1D9rbbDkPHaAhbTqB2ZHHKEmzRJMynwr9%2Fview%3Fusp%3Dsharing|title:https%3A%2F%2Fdrive.google.com%2Ffile%2Fd%2F1D9rbbDkPHaAhbTqB2ZHHKEmzRJMynwr9%2Fview%3Fusp%3Dsharing|target:%20_blank|\u00bb][\/vc_column][\/vc_row]\n","protected":false},"excerpt":{"rendered":"<p>[vc_row][vc_column][vc_custom_heading text=\u00bbDESCARGAR NORMATIVA\u00bb font_container=\u00bbtag:h2|text_align:center\u00bb use_theme_fonts=\u00bbyes\u00bb css_animation=\u00bbbounceIn\u00bb][\/vc_column][vc_column][vc_btn title=\u00bbCONSITUCI\u00d3N DE LA REPUBLICA DEL ECUADOR\u00bb style=\u00bb3d\u00bb color=\u00bbvista-blue\u00bb css_animation=\u00bbbounceInRight\u00bb link=\u00bburl:https%3A%2F%2Fdrive.google.com%2Ffile%2Fd%2F19T6YckWBF4PGlUEJlN8ABaPTxWOfpBqt%2Fview%3Fusp%3Dsharing|title:https%3A%2F%2Fdrive.google.com%2Ffile%2Fd%2F19T6YckWBF4PGlUEJlN8ABaPTxWOfpBqt%2Fview%3Fusp%3Dsharing|target:%20_blank|\u00bb][\/vc_column][\/vc_row][vc_row][vc_column][vc_btn title=\u00bbC\u00d3DIGO ORG\u00c1NICO TERRITORIAL DE AUTONOM\u00cdA Y DESCENTRALIZACI\u00d3N\u00bb style=\u00bb3d\u00bb color=\u00bbturquoise\u00bb css_animation=\u00bbbounceInRight\u00bb link=\u00bburl:https%3A%2F%2Fdrive.google.com%2Ffile%2Fd%2F1mollWBPjQ4jhr-mywtO7Nxrni7IYYQZ4%2Fview%3Fusp%3Dsharing|title:https%3A%2F%2Fdrive.google.com%2Ffile%2Fd%2F1mollWBPjQ4jhr-mywtO7Nxrni7IYYQZ4%2Fview%3Fusp%3Dsharing|target:%20_blank|\u00bb][\/vc_column][vc_column][vc_btn title=\u00bbC\u00d3DIGO DE TRABAJO\u00bb style=\u00bb3d\u00bb color=\u00bbmulled-wine\u00bb css_animation=\u00bbbounceInRight\u00bb link=\u00bburl:https%3A%2F%2Fdrive.google.com%2Ffile%2Fd%2F1zcyH1RU-vU3wYtcarZ_S_4-4ISx3REHE%2Fview%3Fusp%3Dsharing|title:https%3A%2F%2Fdrive.google.com%2Ffile%2Fd%2F1zcyH1RU-vU3wYtcarZ_S_4-4ISx3REHE%2Fview%3Fusp%3Dsharing|target:%20_blank|\u00bb][\/vc_column][\/vc_row][vc_row][vc_column][vc_btn title=\u00bbC\u00d3DIGO ORG\u00c1NICO DE PLANIFICACI\u00d3N Y FINANZAS PUBLICAS\u00bb style=\u00bb3d\u00bb color=\u00bbchino\u00bb css_animation=\u00bbbounceInRight\u00bb link=\u00bburl:https%3A%2F%2Fdrive.google.com%2Ffile%2Fd%2F1m4ICwITp6MHeJO7kdBazGk_BMNYX-nAf%2Fview%3Fusp%3Dsharing|title:https%3A%2F%2Fdrive.google.com%2Ffile%2Fd%2F1m4ICwITp6MHeJO7kdBazGk_BMNYX-nAf%2Fview%3Fusp%3Dsharing|target:%20_blank|\u00bb][vc_row_inner][vc_column_inner][vc_btn title=\u00bbREGLAMENTO DEL C\u00d3DIGO ORG\u00c1NICO DE PLANIFICACI\u00d3N Y FINANZAS PUBLICAS\u00bb style=\u00bb3d\u00bb [&hellip;]<\/p>\n","protected":false},"author":5,"featured_media":0,"parent":0,"menu_order":0,"comment_status":"closed","ping_status":"closed","template":"","meta":{"footnotes":""},"yst_prominent_words":[],"class_list":["post-1146","page","type-page","status-publish","hentry","post"],"_links":{"self":[{"href":"https:\/\/gadrosaflorida.gob.ec\/sucumbios\/wp-json\/wp\/v2\/pages\/1146","targetHints":{"allow":["GET"]}}],"collection":[{"href":"https:\/\/gadrosaflorida.gob.ec\/sucumbios\/wp-json\/wp\/v2\/pages"}],"about":[{"href":"https:\/\/gadrosaflorida.gob.ec\/sucumbios\/wp-json\/wp\/v2\/types\/page"}],"author":[{"embeddable":true,"href":"https:\/\/gadrosaflorida.gob.ec\/sucumbios\/wp-json\/wp\/v2\/users\/5"}],"replies":[{"embeddable":true,"href":"https:\/\/gadrosaflorida.gob.ec\/sucumbios\/wp-json\/wp\/v2\/comments?post=1146"}],"version-history":[{"count":61,"href":"https:\/\/gadrosaflorida.gob.ec\/sucumbios\/wp-json\/wp\/v2\/pages\/1146\/revisions"}],"predecessor-version":[{"id":121588,"href":"https:\/\/gadrosaflorida.gob.ec\/sucumbios\/wp-json\/wp\/v2\/pages\/1146\/revisions\/121588"}],"wp:attachment":[{"href":"https:\/\/gadrosaflorida.gob.ec\/sucumbios\/wp-json\/wp\/v2\/media?parent=1146"}],"wp:term":[{"taxonomy":"yst_prominent_words","embeddable":true,"href":"https:\/\/gadrosaflorida.gob.ec\/sucumbios\/wp-json\/wp\/v2\/yst_prominent_words?post=1146"}],"curies":[{"name":"wp","href":"https:\/\/api.w.org\/{rel}","templated":true}]}}